{"id":395,"date":"2019-11-11T03:08:08","date_gmt":"2019-11-11T03:08:08","guid":{"rendered":"http:\/\/colegiodeasis.cl\/2019\/?page_id=395"},"modified":"2019-11-11T03:14:14","modified_gmt":"2019-11-11T03:14:14","slug":"quienes-somos","status":"publish","type":"page","link":"https:\/\/colegiodeasis.cl\/2019\/quienes-somos\/","title":{"rendered":"QUIENES SOMOS"},"content":{"rendered":"\n  <div id=\"page-header-860967006\" class=\"page-header-wrapper\">\n  <div class=\"page-title dark featured-title\">\n\n    \n    <div class=\"page-title-inner container align-center flex-row medium-flex-wrap\" >\n              <div class=\"title-wrapper flex-col text-left medium-text-center\">\n          <h1 class=\"entry-title mb-0\">\n            QUIENES SOMOS          <\/h1>\n        <\/div>\n                    <div class=\"title-content flex-col flex-right text-right medium-text-center\">\n        <div class=\"title-breadcrumbs pb-half pt-half\"><\/div>      <\/div>\n    <\/div>\n\n     \n<style>\n#page-header-860967006 .page-title-inner {\n  min-height: 100px;\n}\n<\/style>\n  <\/div>\n    <\/div>\n  \n\n\t<div id=\"gap-155619028\" class=\"gap-element clearfix\" style=\"display:block; height:auto;\">\n\t\t\n<style>\n#gap-155619028 {\n  padding-top: 30px;\n}\n<\/style>\n\t<\/div>\n\t\n\n<div class=\"row row-small\"  id=\"row-288418026\">\n\n\n\t<div id=\"col-554590079\" class=\"col medium-6 small-12 large-6\"  >\n\t\t<div class=\"col-inner\"  >\n\t\t\t\n\t\t\t\n\n<p style=\"text-align: justify;\">Colegio de As\u00eds\u201d, nace en 1982 bajo el modelo de administraci\u00f3n particular subvencionada\u00a0 reconocido por el Ministerio de Educaci\u00f3n como cooperador de la funci\u00f3n educacional.\u00a0 Imparte Educaci\u00f3n Pre- B\u00e1sica y B\u00e1sica comple<em>ta<\/em> mixta para ni\u00f1os y ni\u00f1as de la comuna de Maip\u00fa y sus alrededores.<\/p>\n<p style=\"text-align: justify;\">Desde su fundaci\u00f3n,\u00a0 ha confirmado una formaci\u00f3n cient\u00edfico humanista, preparando a los alumnos\u00a0 y alumnas para alcanzar la educaci\u00f3n superior.\u00a0 De inspiraci\u00f3n cat\u00f3lica, basado en la vida\u00a0 y obra de San Francisco de As\u00eds, nuestro patrono. Tradicional\u00a0 en lo referido a disciplina de alta exigencia acad\u00e9mica.<\/p>\n<p style=\"text-align: justify;\">Lo conforma una dotaci\u00f3n de profesionales docentes y administrativos cada uno especialista en las \u00e1reas que desempe\u00f1a. El colegio fue dise\u00f1ado para entregar un espacio grato y seguro a nuestros alumnos y alumnas con una renovada infraestructura. Las instalaciones y equipamiento son las apropiadas para el logro de nuestros objetivos institucionales..<\/p>\n<p style=\"text-align: justify;\">En el \u00e1mbito pedag\u00f3gico y de gesti\u00f3n curricular \u00a0orienta su quehacer educacional hacia el desarrollo integral de ni\u00f1os y ni\u00f1as, tomando en cuenta\u00a0 h\u00e1bitos y valores, desarrollando capacidades reflexivas \u2013 cr\u00edticas en y desde el propio contexto,<\/p>\n\n\t\t<\/div>\n\t\t\t<\/div>\n\n\t\n\n\t<div id=\"col-1769163330\" class=\"col medium-6 small-12 large-6\"  >\n\t\t<div class=\"col-inner\"  >\n\t\t\t\n\t\t\t\n\n<p style=\"text-align: justify;\">desarrollando las competencias y habilidades que requiere una sociedad en constante cambio y ajuste, promoviendo y facilitando la convivencia y di\u00e1logo diverso, respetuoso y tolerante con su entorno natural y cultural, al mismo tiempo favorece el desarrollo de las capacidades intelectuales a partir de la cognici\u00f3n como estructura mental.<\/p>\n<p style=\"text-align: justify;\">En m\u00e1s de 35 a\u00f1os, nos hemos posicionado dentro de los mejores colegios de la comuna en cuya educaci\u00f3n se equilibran instrucci\u00f3n y formaci\u00f3n, lo tradicional y lo renovado, el rigor acad\u00e9mico con el cari\u00f1o y\u00a0 muy especialmente la preocupaci\u00f3n por la persona del alumno.<\/p>\n<p style=\"text-align: justify;\">Nuestros buenos resultados acad\u00e9micos, avalan nuestra labor educativa. Hist\u00f3ricamente nos ubican entre los mejores colegios de la comuna en evaluaciones externas (Simce). As\u00ed mismo,\u00a0 desde el a\u00f1o 1998 hasta la fecha, el Ministerio de Educaci\u00f3n nos ha distinguido con el reconocimiento de Colegio de \u00a0Excelencia Acad\u00e9mica. Ser calificado como un colegio de excelencia, significa que hemos cumplido con las metas e indicadores de eficiencia por nuestra gesti\u00f3n educativa y hemos contribuido al mejoramiento de la calidad de la educaci\u00f3n impartida por el sistema educacional del pa\u00eds<\/p>\n\n\t\t<\/div>\n\t\t\t<\/div>\n\n\t\n\n<\/div>\n\n","protected":false},"excerpt":{"rendered":"","protected":false},"author":4,"featured_media":0,"parent":0,"menu_order":0,"comment_status":"closed","ping_status":"closed","template":"page-blank.php","meta":{"footnotes":""},"class_list":["post-395","page","type-page","status-publish","hentry"],"_links":{"self":[{"href":"https:\/\/colegiodeasis.cl\/2019\/wp-json\/wp\/v2\/pages\/395","targetHints":{"allow":["GET"]}}],"collection":[{"href":"https:\/\/colegiodeasis.cl\/2019\/wp-json\/wp\/v2\/pages"}],"about":[{"href":"https:\/\/colegiodeasis.cl\/2019\/wp-json\/wp\/v2\/types\/page"}],"author":[{"embeddable":true,"href":"https:\/\/colegiodeasis.cl\/2019\/wp-json\/wp\/v2\/users\/4"}],"replies":[{"embeddable":true,"href":"https:\/\/colegiodeasis.cl\/2019\/wp-json\/wp\/v2\/comments?post=395"}],"version-history":[{"count":8,"href":"https:\/\/colegiodeasis.cl\/2019\/wp-json\/wp\/v2\/pages\/395\/revisions"}],"predecessor-version":[{"id":404,"href":"https:\/\/colegiodeasis.cl\/2019\/wp-json\/wp\/v2\/pages\/395\/revisions\/404"}],"wp:attachment":[{"href":"https:\/\/colegiodeasis.cl\/2019\/wp-json\/wp\/v2\/media?parent=395"}],"curies":[{"name":"wp","href":"https:\/\/api.w.org\/{rel}","templated":true}]}}