{"id":409,"date":"2019-11-11T03:23:35","date_gmt":"2019-11-11T03:23:35","guid":{"rendered":"http:\/\/colegiodeasis.cl\/2019\/?page_id=409"},"modified":"2019-11-13T18:49:03","modified_gmt":"2019-11-13T18:49:03","slug":"organizacion","status":"publish","type":"page","link":"https:\/\/colegiodeasis.cl\/2019\/organizacion\/","title":{"rendered":"ORGANIZACI\u00d3N"},"content":{"rendered":"\n  <div id=\"page-header-1698620632\" class=\"page-header-wrapper\">\n  <div class=\"page-title dark featured-title\">\n\n    \n    <div class=\"page-title-inner container align-center flex-row medium-flex-wrap\" >\n              <div class=\"title-wrapper flex-col text-left medium-text-center\">\n          <h1 class=\"entry-title mb-0\">\n            ORGANIZACI\u00d3N          <\/h1>\n        <\/div>\n                    <div class=\"title-content flex-col flex-right text-right medium-text-center\">\n        <div class=\"title-breadcrumbs pb-half pt-half\"><\/div>      <\/div>\n    <\/div>\n\n     \n<style>\n#page-header-1698620632 .page-title-inner {\n  min-height: 100px;\n}\n<\/style>\n  <\/div>\n    <\/div>\n  \n\n\t<div id=\"gap-129398614\" class=\"gap-element clearfix\" style=\"display:block; height:auto;\">\n\t\t\n<style>\n#gap-129398614 {\n  padding-top: 30px;\n}\n<\/style>\n\t<\/div>\n\t\n\n<div class=\"row row-small\"  id=\"row-666949263\">\n\n\n\t<div id=\"col-854256631\" class=\"col medium-6 small-12 large-6\"  >\n\t\t<div class=\"col-inner\"  >\n\t\t\t\n\t\t\t\n\n<p style=\"text-align: justify;\"><img loading=\"lazy\" decoding=\"async\" class=\"alignnone wp-image-506 size-medium\" src=\"http:\/\/colegiodeasis.cl\/2019\/wp-content\/uploads\/2019\/11\/instalaciones-690x400.jpg\" alt=\"\" width=\"690\" height=\"400\" srcset=\"https:\/\/colegiodeasis.cl\/2019\/wp-content\/uploads\/2019\/11\/instalaciones-690x400.jpg 690w, https:\/\/colegiodeasis.cl\/2019\/wp-content\/uploads\/2019\/11\/instalaciones-768x445.jpg 768w, https:\/\/colegiodeasis.cl\/2019\/wp-content\/uploads\/2019\/11\/instalaciones-1381x800.jpg 1381w, https:\/\/colegiodeasis.cl\/2019\/wp-content\/uploads\/2019\/11\/instalaciones.jpg 2000w\" sizes=\"auto, (max-width: 690px) 100vw, 690px\" \/>En esta secci\u00f3n se presenta la composici\u00f3n y funcionamiento de los diferentes \u00f3rganos de gesti\u00f3n del colegio.<\/p>\n<p style=\"text-align: justify;\">La estructura organizativa del Colegio de As\u00eds, est\u00e1 compuesta\u00a0 por los siguientes estamentos:<\/p>\n<p style=\"text-align: justify;\"><strong>Equipo Directivo:<\/strong> Es la estructura a cargo de velar por el\u00a0 logro de los objetivos Institucionales, supervisando que las decisiones en todos los estamentos se apeguen a los objetivos establecidos, teniendo como referente obligado, el Proyecto Institucional del Colegio.<\/p>\n<h3><strong>EQUIPO DIRECTIVO<\/strong><\/h3>\n<p><strong>Sociedad Educacional \u201cColegio de As\u00eds\u201d<\/strong><\/p>\n<ul>\n<li>Direcci\u00f3n<\/li>\n<li>Direcci\u00f3n Acad\u00e9mica<\/li>\n<li>Direcci\u00f3n administrativa<\/li>\n<\/ul>\n\n\t\t<\/div>\n\t\t\t<\/div>\n\n\t\n\n\t<div id=\"col-1099151343\" class=\"col medium-6 small-12 large-6\"  >\n\t\t<div class=\"col-inner\"  >\n\t\t\t\n\t\t\t\n\n<p><strong>Equipo de Gesti\u00f3n<\/strong><\/p>\n<ul>\n<li>Sub- Direcci\u00f3n Acad\u00e9mica<\/li>\n<li>Unidad T\u00e9cnico Pedag\u00f3gica<\/li>\n<li>Inspector\u00eda General<br \/>\n<hr><\/li>\n<\/ul>\n<p><strong>Equipo Docente<\/strong><\/p>\n<ul>\n<li>Profesores jefes<\/li>\n<li>Profesores por asignatura<\/li>\n<li>Coordinador Ciclo<\/li>\n<li>Profesores Extraescolar<\/li>\n<li>Educadoras<\/li>\n<li>Asistentes de educaci\u00f3n<br \/>\n<hr><\/li>\n<\/ul>\n<p><strong>Centro de Recursos <\/strong><\/p>\n<ul>\n<li>Equipo Administrativo<\/li>\n<li>Finanzas<\/li>\n<li>Contabilidad<\/li>\n<li>Secretarias<\/li>\n<li>Auxiliares<\/li>\n<li>Personal de Servicio y mantenci\u00f3n<\/li>\n<\/ul>\n\n\t\t<\/div>\n\t\t\t<\/div>\n\n\t\n\n<\/div>\n\n","protected":false},"excerpt":{"rendered":"","protected":false},"author":4,"featured_media":0,"parent":0,"menu_order":0,"comment_status":"closed","ping_status":"closed","template":"page-blank.php","meta":{"footnotes":""},"class_list":["post-409","page","type-page","status-publish","hentry"],"_links":{"self":[{"href":"https:\/\/colegiodeasis.cl\/2019\/wp-json\/wp\/v2\/pages\/409","targetHints":{"allow":["GET"]}}],"collection":[{"href":"https:\/\/colegiodeasis.cl\/2019\/wp-json\/wp\/v2\/pages"}],"about":[{"href":"https:\/\/colegiodeasis.cl\/2019\/wp-json\/wp\/v2\/types\/page"}],"author":[{"embeddable":true,"href":"https:\/\/colegiodeasis.cl\/2019\/wp-json\/wp\/v2\/users\/4"}],"replies":[{"embeddable":true,"href":"https:\/\/colegiodeasis.cl\/2019\/wp-json\/wp\/v2\/comments?post=409"}],"version-history":[{"count":5,"href":"https:\/\/colegiodeasis.cl\/2019\/wp-json\/wp\/v2\/pages\/409\/revisions"}],"predecessor-version":[{"id":543,"href":"https:\/\/colegiodeasis.cl\/2019\/wp-json\/wp\/v2\/pages\/409\/revisions\/543"}],"wp:attachment":[{"href":"https:\/\/colegiodeasis.cl\/2019\/wp-json\/wp\/v2\/media?parent=409"}],"curies":[{"name":"wp","href":"https:\/\/api.w.org\/{rel}","templated":true}]}}