{"id":419,"date":"2019-11-11T03:45:14","date_gmt":"2019-11-11T03:45:14","guid":{"rendered":"http:\/\/colegiodeasis.cl\/2019\/?page_id=419"},"modified":"2020-03-18T04:51:33","modified_gmt":"2020-03-18T04:51:33","slug":"instalaciones","status":"publish","type":"page","link":"https:\/\/colegiodeasis.cl\/2019\/instalaciones\/","title":{"rendered":"INSTALACIONES"},"content":{"rendered":"\n  <div id=\"page-header-735219595\" class=\"page-header-wrapper\">\n  <div class=\"page-title dark featured-title\">\n\n    \n    <div class=\"page-title-inner container align-center flex-row medium-flex-wrap\" >\n              <div class=\"title-wrapper flex-col text-left medium-text-center\">\n          <h1 class=\"entry-title mb-0\">\n            INSTALACIONES          <\/h1>\n        <\/div>\n                    <div class=\"title-content flex-col flex-right text-right medium-text-center\">\n        <div class=\"title-breadcrumbs pb-half pt-half\"><\/div>      <\/div>\n    <\/div>\n\n     \n<style>\n#page-header-735219595 .page-title-inner {\n  min-height: 100px;\n}\n<\/style>\n  <\/div>\n    <\/div>\n  \n\n\t<div id=\"gap-1505406279\" class=\"gap-element clearfix\" style=\"display:block; height:auto;\">\n\t\t\n<style>\n#gap-1505406279 {\n  padding-top: 30px;\n}\n<\/style>\n\t<\/div>\n\t\n\n<div class=\"row row-small\"  id=\"row-311760677\">\n\n\n\t<div id=\"col-255444989\" class=\"col medium-6 small-12 large-6\"  >\n\t\t<div class=\"col-inner\"  >\n\t\t\t\n\t\t\t\n\n<p style=\"text-align: justify;\">Nuestro Colegio busca permanentemente optimizar los aprendizajes con la implementaci\u00f3n apropiada&nbsp; y gran variedad de recursos educativos. Tics, salas tem\u00e1ticas, etc. Las instalaciones y equipamiento contemplan:<\/p>\n<hr>\n<p style=\"text-align: justify;\"><strong>P\u00c1RVULOS<br \/><\/strong>Los ni\u00f1os y ni\u00f1as de este ciclo cuentan con instalaciones completamente independientes, que incluye patio y &nbsp;ba\u00f1os exclusivos para el medio mayor.<\/p>\n<hr>\n<p style=\"text-align: justify;\"><strong>SALAS DE CLASES<br \/><\/strong>Equipadas con sistema de audio, algunas con pantallas interactivas touch, circuito cerrado de televisi\u00f3n.<\/p>\n<hr>\n<p style=\"text-align: justify;\"><b>BIBLIOTECA<br \/><\/b>Un espacio que cuenta con todos los recursos de apoyo al aprendizaje de los alumnos: libros, revistas, audiovisuales (videos, CDs,) Internet, m\u00fasica, etc. Un lugar para mostrar, conocer, entender y recrear, ya sea solo \u00f3 en grupo.<\/p>\n<hr>\n<p style=\"text-align: justify;\"><b>LABORATORIO DE CIENCIAS<br \/><\/b>Cuenta con todos los instrumentos de \u00faltima generaci\u00f3n e instalaciones necesarias para las clases de ciencias naturales. Microscopios, lupa con c\u00e1mara digital &nbsp;proyecci\u00f3n en Tv, multimedia, recursos educativos.<\/p>\n<hr>\n<p style=\"text-align: justify;\"><strong><b>LABORATORIOS DE COMPUTACI\u00d3N<br \/><\/b><\/strong>Equipado con modernos equipos &#8211; Wifi.<\/p>\n\n\t\t<\/div>\n\t\t\t<\/div>\n\n\t\n\n\t<div id=\"col-1606475361\" class=\"col medium-6 small-12 large-6\"  >\n\t\t<div class=\"col-inner\"  >\n\t\t\t\n\t\t\t\n\n<p style=\"text-align: justify;\"><strong>LABORATORIOS DE MATEM\u00c1TICAS<\/strong><br \/>Pantalla interactiva, recursos educativos, sistema de audio, diversidad de material concreto para los distintos niveles.<\/p>\n<hr \/>\n<p style=\"text-align: left;\"><b><\/b><b>GIMNASIO TECHADO<br \/><\/b>Equipado para pr\u00e1cticas deportivas, clases \u00f3 talleres, presentaciones, etc.<\/p>\n<hr \/>\n<p style=\"text-align: justify;\"><strong>CAMARINES<br \/><\/strong>Con duchas, agua caliente y una cuidadosa higiene para las clases de educaci\u00f3n f\u00edsica y \u00a0talleres deportivos.<\/p>\n<hr \/>\n<p style=\"text-align: left;\"><strong>COMEDORES<br \/><\/strong>Los alumnos y alumnas \u00a0traen almuerzo desde sus casas.<\/p>\n<hr \/>\n<p style=\"text-align: left;\"><strong>BA\u00d1OS<br \/><\/strong>Ba\u00f1os con una cuidada higiene.<\/p>\n<hr \/>\n<p style=\"text-align: left;\"><strong>SALA DE PRIMEROS AUXILIOS<br \/><\/strong>Equipadas para asistir emergencias.<\/p>\n<hr \/>\n<p style=\"text-align: justify;\"><strong>SALA DE USOS M\u00daLTIPLES<br \/><\/strong>Para realizar distintas actividades: charlas educativas, informativas, foros, presentaciones, etc.<\/p>\n\n\t\t<\/div>\n\t\t\t<\/div>\n\n\t\n\n<\/div>\n  <style>\n    #gallery-412963135 .grid-col-1{height: 600px}\n    #gallery-412963135 .grid-col-1-2{height: 300px}\n    #gallery-412963135 .grid-col-1-3{height:200px}\n    #gallery-412963135 .grid-col-2-3{height: 400px}\n    #gallery-412963135 .grid-col-1-4{height: 150px}\n    #gallery-412963135 .grid-col-3-4{height: 450px}\n\n\n        \/* Tablet *\/\n    @media (max-width: 850px){\n      #gallery-412963135 .grid-col-1{height: 400px}\n      #gallery-412963135 .grid-col-1-2{height: 200px}\n      #gallery-412963135 .grid-col-1-3{height:133.33333333333px}\n      #gallery-412963135 .grid-col-2-3{height: 266.66666666667px}\n      #gallery-412963135 .grid-col-1-4{height: 100px}\n      #gallery-412963135 .grid-col-3-4{height: 300px}\n    }\n    \n        \/* Mobile *\/\n    @media (max-width: 550px){\n      #gallery-412963135 .grid-col-1{height: 400px}\n      #gallery-412963135 .grid-col-1-2{height: 200px}\n      #gallery-412963135 .grid-col-1-3{height:133.33333333333px}\n      #gallery-412963135 .grid-col-2-3{height: 266.66666666667px}\n      #gallery-412963135 .grid-col-1-4{height: 100px}\n      #gallery-412963135 .grid-col-3-4{height: 300px}\n    }\n    \n\n  <\/style>\n  \n  \n    <div id=\"gallery-412963135\" class=\"row row-collapse row-full-width row-grid\" data-packery-options='{\"itemSelector\": \".col\", \"gutter\": 0, \"presentageWidth\" : true}'>\n\n          <div class=\"gallery-col col grid-col grid-col-1 large-3 medium-6\" >\n          <div class=\"col-inner\">\n            <a class=\"image-lightbox lightbox-gallery\" href=\"https:\/\/colegiodeasis.cl\/2019\/wp-content\/uploads\/2019\/11\/Laboratorio-de-Ciencias.jpg\" title=\"\">            <div class=\"box has-hover gallery-box box-shade dark box-text-center\">\n              <div class=\"box-image\" >\n                <img loading=\"lazy\" decoding=\"async\" width=\"1000\" height=\"563\" src=\"https:\/\/colegiodeasis.cl\/2019\/wp-content\/uploads\/2019\/11\/Laboratorio-de-Ciencias.jpg\" class=\"attachment-large size-large\" alt=\"\" ids=\"518,519,520,521,522,523,526\" style=\"shade\" type=\"grid\" grid=\"4\" col_spacing=\"collapse\" srcset=\"https:\/\/colegiodeasis.cl\/2019\/wp-content\/uploads\/2019\/11\/Laboratorio-de-Ciencias.jpg 1000w, https:\/\/colegiodeasis.cl\/2019\/wp-content\/uploads\/2019\/11\/Laboratorio-de-Ciencias-710x400.jpg 710w, https:\/\/colegiodeasis.cl\/2019\/wp-content\/uploads\/2019\/11\/Laboratorio-de-Ciencias-768x432.jpg 768w\" sizes=\"auto, (max-width: 1000px) 100vw, 1000px\" \/>                                                  <div class=\"shade\"><\/div>\n                                              <\/div>\n              <div class=\"box-text text-left dark\" >\n                 <p><\/p>\n              <\/div>\n            <\/div>\n            <\/a>          <\/div>\n         <\/div>\n                 <div class=\"gallery-col col grid-col grid-col-1 large-3 medium-6\" >\n          <div class=\"col-inner\">\n            <a class=\"image-lightbox lightbox-gallery\" href=\"https:\/\/colegiodeasis.cl\/2019\/wp-content\/uploads\/2019\/11\/Laboratorio-de-Ciencias2.jpg\" title=\"\">            <div class=\"box has-hover gallery-box box-shade dark box-text-center\">\n              <div class=\"box-image\" >\n                <img loading=\"lazy\" decoding=\"async\" width=\"1000\" height=\"563\" src=\"https:\/\/colegiodeasis.cl\/2019\/wp-content\/uploads\/2019\/11\/Laboratorio-de-Ciencias2.jpg\" class=\"attachment-large size-large\" alt=\"\" ids=\"518,519,520,521,522,523,526\" style=\"shade\" type=\"grid\" grid=\"4\" col_spacing=\"collapse\" srcset=\"https:\/\/colegiodeasis.cl\/2019\/wp-content\/uploads\/2019\/11\/Laboratorio-de-Ciencias2.jpg 1000w, https:\/\/colegiodeasis.cl\/2019\/wp-content\/uploads\/2019\/11\/Laboratorio-de-Ciencias2-710x400.jpg 710w, https:\/\/colegiodeasis.cl\/2019\/wp-content\/uploads\/2019\/11\/Laboratorio-de-Ciencias2-768x432.jpg 768w\" sizes=\"auto, (max-width: 1000px) 100vw, 1000px\" \/>                                                  <div class=\"shade\"><\/div>\n                                              <\/div>\n              <div class=\"box-text text-left dark\" >\n                 <p><\/p>\n              <\/div>\n            <\/div>\n            <\/a>          <\/div>\n         <\/div>\n                 <div class=\"gallery-col col grid-col grid-col-1 large-3 medium-6\" >\n          <div class=\"col-inner\">\n            <a class=\"image-lightbox lightbox-gallery\" href=\"https:\/\/colegiodeasis.cl\/2019\/wp-content\/uploads\/2019\/11\/Sala-clases.jpg\" title=\"\">            <div class=\"box has-hover gallery-box box-shade dark box-text-center\">\n              <div class=\"box-image\" >\n                <img loading=\"lazy\" decoding=\"async\" width=\"1000\" height=\"563\" src=\"https:\/\/colegiodeasis.cl\/2019\/wp-content\/uploads\/2019\/11\/Sala-clases.jpg\" class=\"attachment-large size-large\" alt=\"\" ids=\"518,519,520,521,522,523,526\" style=\"shade\" type=\"grid\" grid=\"4\" col_spacing=\"collapse\" srcset=\"https:\/\/colegiodeasis.cl\/2019\/wp-content\/uploads\/2019\/11\/Sala-clases.jpg 1000w, https:\/\/colegiodeasis.cl\/2019\/wp-content\/uploads\/2019\/11\/Sala-clases-710x400.jpg 710w, https:\/\/colegiodeasis.cl\/2019\/wp-content\/uploads\/2019\/11\/Sala-clases-768x432.jpg 768w\" sizes=\"auto, (max-width: 1000px) 100vw, 1000px\" \/>                                                  <div class=\"shade\"><\/div>\n                                              <\/div>\n              <div class=\"box-text text-left dark\" >\n                 <p><\/p>\n              <\/div>\n            <\/div>\n            <\/a>          <\/div>\n         <\/div>\n                 <div class=\"gallery-col col grid-col grid-col-1 large-3 medium-6\" >\n          <div class=\"col-inner\">\n            <a class=\"image-lightbox lightbox-gallery\" href=\"https:\/\/colegiodeasis.cl\/2019\/wp-content\/uploads\/2019\/11\/sala-computacion1-600x800.jpg\" title=\"\">            <div class=\"box has-hover gallery-box box-shade dark box-text-center\">\n              <div class=\"box-image\" >\n                <img loading=\"lazy\" decoding=\"async\" width=\"600\" height=\"800\" src=\"https:\/\/colegiodeasis.cl\/2019\/wp-content\/uploads\/2019\/11\/sala-computacion1-600x800.jpg\" class=\"attachment-large size-large\" alt=\"\" ids=\"518,519,520,521,522,523,526\" style=\"shade\" type=\"grid\" grid=\"4\" col_spacing=\"collapse\" srcset=\"https:\/\/colegiodeasis.cl\/2019\/wp-content\/uploads\/2019\/11\/sala-computacion1-600x800.jpg 600w, https:\/\/colegiodeasis.cl\/2019\/wp-content\/uploads\/2019\/11\/sala-computacion1-300x400.jpg 300w, https:\/\/colegiodeasis.cl\/2019\/wp-content\/uploads\/2019\/11\/sala-computacion1-768x1024.jpg 768w, https:\/\/colegiodeasis.cl\/2019\/wp-content\/uploads\/2019\/11\/sala-computacion1.jpg 1000w\" sizes=\"auto, (max-width: 600px) 100vw, 600px\" \/>                                                  <div class=\"shade\"><\/div>\n                                              <\/div>\n              <div class=\"box-text text-left dark\" >\n                 <p><\/p>\n              <\/div>\n            <\/div>\n            <\/a>          <\/div>\n         <\/div>\n                 <div class=\"gallery-col col grid-col grid-col-1 large-3 medium-6\" >\n          <div class=\"col-inner\">\n            <a class=\"image-lightbox lightbox-gallery\" href=\"https:\/\/colegiodeasis.cl\/2019\/wp-content\/uploads\/2019\/11\/sala-computacion2-600x800.jpg\" title=\"\">            <div class=\"box has-hover gallery-box box-shade dark box-text-center\">\n              <div class=\"box-image\" >\n                <img loading=\"lazy\" decoding=\"async\" width=\"600\" height=\"800\" src=\"https:\/\/colegiodeasis.cl\/2019\/wp-content\/uploads\/2019\/11\/sala-computacion2-600x800.jpg\" class=\"attachment-large size-large\" alt=\"\" ids=\"518,519,520,521,522,523,526\" style=\"shade\" type=\"grid\" grid=\"4\" col_spacing=\"collapse\" srcset=\"https:\/\/colegiodeasis.cl\/2019\/wp-content\/uploads\/2019\/11\/sala-computacion2-600x800.jpg 600w, https:\/\/colegiodeasis.cl\/2019\/wp-content\/uploads\/2019\/11\/sala-computacion2-300x400.jpg 300w, https:\/\/colegiodeasis.cl\/2019\/wp-content\/uploads\/2019\/11\/sala-computacion2-768x1024.jpg 768w, https:\/\/colegiodeasis.cl\/2019\/wp-content\/uploads\/2019\/11\/sala-computacion2.jpg 1000w\" sizes=\"auto, (max-width: 600px) 100vw, 600px\" \/>                                                  <div class=\"shade\"><\/div>\n                                              <\/div>\n              <div class=\"box-text text-left dark\" >\n                 <p><\/p>\n              <\/div>\n            <\/div>\n            <\/a>          <\/div>\n         <\/div>\n                 <div class=\"gallery-col col grid-col grid-col-1 large-3 medium-6\" >\n          <div class=\"col-inner\">\n            <a class=\"image-lightbox lightbox-gallery\" href=\"https:\/\/colegiodeasis.cl\/2019\/wp-content\/uploads\/2019\/11\/Sala-prebasica.jpg\" title=\"\">            <div class=\"box has-hover gallery-box box-shade dark box-text-center\">\n              <div class=\"box-image\" >\n                <img loading=\"lazy\" decoding=\"async\" width=\"1000\" height=\"563\" src=\"https:\/\/colegiodeasis.cl\/2019\/wp-content\/uploads\/2019\/11\/Sala-prebasica.jpg\" class=\"attachment-large size-large\" alt=\"\" ids=\"518,519,520,521,522,523,526\" style=\"shade\" type=\"grid\" grid=\"4\" col_spacing=\"collapse\" srcset=\"https:\/\/colegiodeasis.cl\/2019\/wp-content\/uploads\/2019\/11\/Sala-prebasica.jpg 1000w, https:\/\/colegiodeasis.cl\/2019\/wp-content\/uploads\/2019\/11\/Sala-prebasica-710x400.jpg 710w, https:\/\/colegiodeasis.cl\/2019\/wp-content\/uploads\/2019\/11\/Sala-prebasica-768x432.jpg 768w\" sizes=\"auto, (max-width: 1000px) 100vw, 1000px\" \/>                                                  <div class=\"shade\"><\/div>\n                                              <\/div>\n              <div class=\"box-text text-left dark\" >\n                 <p><\/p>\n              <\/div>\n            <\/div>\n            <\/a>          <\/div>\n         <\/div>\n                 <div class=\"gallery-col col grid-col grid-col-1 large-3 medium-6\" >\n          <div class=\"col-inner\">\n            <a class=\"image-lightbox lightbox-gallery\" href=\"https:\/\/colegiodeasis.cl\/2019\/wp-content\/uploads\/2019\/11\/Laboratio-matematicas-600x800.jpg\" title=\"\">            <div class=\"box has-hover gallery-box box-shade dark box-text-center\">\n              <div class=\"box-image\" >\n                <img loading=\"lazy\" decoding=\"async\" width=\"600\" height=\"800\" src=\"https:\/\/colegiodeasis.cl\/2019\/wp-content\/uploads\/2019\/11\/Laboratio-matematicas-600x800.jpg\" class=\"attachment-large size-large\" alt=\"\" ids=\"518,519,520,521,522,523,526\" style=\"shade\" type=\"grid\" grid=\"4\" col_spacing=\"collapse\" srcset=\"https:\/\/colegiodeasis.cl\/2019\/wp-content\/uploads\/2019\/11\/Laboratio-matematicas-600x800.jpg 600w, https:\/\/colegiodeasis.cl\/2019\/wp-content\/uploads\/2019\/11\/Laboratio-matematicas-300x400.jpg 300w, https:\/\/colegiodeasis.cl\/2019\/wp-content\/uploads\/2019\/11\/Laboratio-matematicas-768x1024.jpg 768w, https:\/\/colegiodeasis.cl\/2019\/wp-content\/uploads\/2019\/11\/Laboratio-matematicas.jpg 960w\" sizes=\"auto, (max-width: 600px) 100vw, 600px\" \/>                                                  <div class=\"shade\"><\/div>\n                                              <\/div>\n              <div class=\"box-text text-left dark\" >\n                 <p><\/p>\n              <\/div>\n            <\/div>\n            <\/a>          <\/div>\n         <\/div>\n         <\/div>\n\n\n","protected":false},"excerpt":{"rendered":"","protected":false},"author":4,"featured_media":0,"parent":0,"menu_order":0,"comment_status":"closed","ping_status":"closed","template":"page-blank.php","meta":{"footnotes":""},"class_list":["post-419","page","type-page","status-publish","hentry"],"_links":{"self":[{"href":"https:\/\/colegiodeasis.cl\/2019\/wp-json\/wp\/v2\/pages\/419","targetHints":{"allow":["GET"]}}],"collection":[{"href":"https:\/\/colegiodeasis.cl\/2019\/wp-json\/wp\/v2\/pages"}],"about":[{"href":"https:\/\/colegiodeasis.cl\/2019\/wp-json\/wp\/v2\/types\/page"}],"author":[{"embeddable":true,"href":"https:\/\/colegiodeasis.cl\/2019\/wp-json\/wp\/v2\/users\/4"}],"replies":[{"embeddable":true,"href":"https:\/\/colegiodeasis.cl\/2019\/wp-json\/wp\/v2\/comments?post=419"}],"version-history":[{"count":9,"href":"https:\/\/colegiodeasis.cl\/2019\/wp-json\/wp\/v2\/pages\/419\/revisions"}],"predecessor-version":[{"id":604,"href":"https:\/\/colegiodeasis.cl\/2019\/wp-json\/wp\/v2\/pages\/419\/revisions\/604"}],"wp:attachment":[{"href":"https:\/\/colegiodeasis.cl\/2019\/wp-json\/wp\/v2\/media?parent=419"}],"curies":[{"name":"wp","href":"https:\/\/api.w.org\/{rel}","templated":true}]}}