{"id":475,"date":"2019-11-12T01:10:56","date_gmt":"2019-11-12T01:10:56","guid":{"rendered":"http:\/\/colegiodeasis.cl\/2019\/?page_id=475"},"modified":"2019-11-12T01:26:33","modified_gmt":"2019-11-12T01:26:33","slug":"sacramentos","status":"publish","type":"page","link":"https:\/\/colegiodeasis.cl\/2019\/sacramentos\/","title":{"rendered":"SACRAMENTOS"},"content":{"rendered":"\n  <div id=\"page-header-1701400784\" class=\"page-header-wrapper\">\n  <div class=\"page-title dark featured-title\">\n\n    \n    <div class=\"page-title-inner container align-center flex-row medium-flex-wrap\" >\n              <div class=\"title-wrapper flex-col text-left medium-text-center\">\n          <h1 class=\"entry-title mb-0\">\n            SACRAMENTOS          <\/h1>\n        <\/div>\n                    <div class=\"title-content flex-col flex-right text-right medium-text-center\">\n        <div class=\"title-breadcrumbs pb-half pt-half\"><\/div>      <\/div>\n    <\/div>\n\n     \n<style>\n#page-header-1701400784 .page-title-inner {\n  min-height: 100px;\n}\n<\/style>\n  <\/div>\n    <\/div>\n  \n\n\t<div id=\"gap-1603686861\" class=\"gap-element clearfix\" style=\"display:block; height:auto;\">\n\t\t\n<style>\n#gap-1603686861 {\n  padding-top: 30px;\n}\n<\/style>\n\t<\/div>\n\t\n\n<div class=\"row row-small\"  id=\"row-525202973\">\n\n\n\t<div id=\"col-367527497\" class=\"col medium-6 small-12 large-6\"  >\n\t\t<div class=\"col-inner\"  >\n\t\t\t\n\t\t\t\n\n<h2 style=\"text-align: left;\">REQUISITOS PARA LOS SACRAMENTOS<\/h2>\n<p style=\"text-align: justify;\">Estos dos Sacramentos se\u00a0 realizan\u00a0 en el Colegio. Los Charlas para la Primera Comuni\u00f3n tienen una duraci\u00f3n de dos a\u00f1os. Las charlas del Bautismo las realiza un Fraile de la Congregaci\u00f3n Franciscana.<\/p>\n<h3 style=\"text-align: justify;\">Los Sacramentos, signos de vida:<\/h3>\n<p style=\"text-align: justify;\">Sacramento es, seg\u00fan el diccionario, el &#8220;rito encaminado a lograr la participaci\u00f3n del hombre en la divinidad&#8221;. Esto quiere decir que, a trav\u00e9s de \u00e9l, del sacramento, hacemos visible la acci\u00f3n invisible de Dios en nuestra vida y en nuestra historia.<\/p>\n<p style=\"text-align: justify;\">La funci\u00f3n de los sacramentos es comunicarnos la gracia de Dios o aumentar en nosotros su acci\u00f3n, reconociendo que \u00c9l siempre tiene la iniciativa. Por ello, son manifestaciones marcadas por signos que nos hacen visible la fuerza y la acci\u00f3n de Dios. A trav\u00e9s de ellos, se nos comunica vida y participaci\u00f3n en la Iglesia; en ellos nos hacemos parte del Pueblo de Dios y fortalecemos nuestros v\u00ednculos con la Iglesia, recibimos la fe y nos relacionamos con la comunidad y con nuestra vocaci\u00f3n cristiana. Por ello, no es aventurado se\u00f1alar que los sacramentos son signos de vida, ya que nos comunican y aumentan la gracia de Dios, Padre amoroso que nos entrega la vida, Santo Esp\u00edritu que nos infunde sus dones e Hijo amado que nos entrega la salvaci\u00f3n y su cuerpo para que tambi\u00e9n seamos salvos.<br \/><br \/>Una caracter\u00edstica particular de los sacramentos es que son &#8220;indelebles&#8221;, es decir, &#8220;que no se pueden borrar&#8221;. Dicho en otras palabras, el sacramento que se ha recibido es una gracia que queda permanentemente en nosotros, lo que no significa que nuestras acciones sean siempre en conformidad con ella, sino que est\u00e1n permanentemente en nosotros apuntando hacia nuestra verdadera vocaci\u00f3n de hijos de Dios.<\/p>\n<h3 style=\"text-align: justify;\">Los Sacramentos, herencia de Cristo:<\/h3>\n<p style=\"text-align: justify;\">Los sacramentos, como tales no son un &#8220;invento&#8221; de la Iglesia. Han sido dejados en la tradici\u00f3n por el mismo Jes\u00fas, quien se\u00f1al\u00f3 a sus ap\u00f3stoles y a la comunidad como depositarios de ellos, para recordarlo, para hacer efectiva su presencia y para vivir intensamente la uni\u00f3n a la comunidad en \u00e9l mismo. As\u00ed entonces, si bien su sistematizaci\u00f3n y difusi\u00f3n han sido dadas a la Iglesia, ellos salen de la mano del mismo Cristo y, por ello, su fuerza est\u00e1 en la misma divinidad y en el encargo de \u00c9l de realizarlos en su nombre.<\/p>\n<h3 style=\"text-align: justify;\">\u00bfCu\u00e1ntos y cu\u00e1ndo<\/h3>\n<p style=\"text-align: justify;\">Los Sacramentos de la Iglesia cat\u00f3lica son siete. Si bien es cierto ellos nos acompa\u00f1an a lo largo de toda nuestra vida, se han dividido en tres etapas para comprender mejor su acci\u00f3n en nosotros. As\u00ed entonces, tenemos los Sacramentos de Iniciaci\u00f3n Cristiana (Bautismo, Confirmaci\u00f3n y Eucarist\u00eda), los Sacramentos de la Curaci\u00f3n (Penitencia Reconciliaci\u00f3n y Unci\u00f3n de los enfermos) y los Sacramentos al Servicio y Misi\u00f3n de los fieles (Matrimonio y Orden). Cada uno de ellos se &#8220;viven&#8221; durante toda la vida, pero se reciben en momentos adecuados. En este sentido, para recibir cada uno de ellos se ha de cumplir una preparaci\u00f3n especial que implica asumir el sacramento con real responsabilidad y compromiso.<\/p>\n<h3 style=\"text-align: justify;\">SACRAMENTOS DE INICIACI\u00d3N CRISTIANA<\/h3>\n<p style=\"text-align: justify;\">Mediante los sacramentos de la iniciaci\u00f3n cristiana, el Bautismo, la Confirmaci\u00f3n y la Eucarist\u00eda, se ponen los fundamentos de toda vida cristiana. &#8220;La participaci\u00f3n en la naturaleza divina, que los hombres reciben como don mediante la gracia de Cristo, tiene cierta analog\u00eda con el origen, el crecimiento y el centro de la vida natural.<\/p>\n\n\t\t<\/div>\n\t\t\t<\/div>\n\n\t\n\n\t<div id=\"col-146056896\" class=\"col medium-6 small-12 large-6\"  >\n\t\t<div class=\"col-inner\"  >\n\t\t\t\n\t\t\t\n\n<p style=\"text-align: justify;\">En efecto, los fieles renacidos en el Bautismo se fortalecen con el sacramento de la Confirmaci\u00f3n y finalmente, son alimentados en la Eucarist\u00eda con el manjar de la vida eterna, y, as\u00ed por medio de estos sacramentos de la iniciaci\u00f3n cristiana, reciben cada vez con m\u00e1s abundancia los tesoros de la vida divina y avanzan hacia la perfecci\u00f3n de la caridad&#8221; (CIC 1212 ).<\/p>\n<h3 style=\"text-align: justify;\">EL BAUTISMO:<\/h3>\n<p style=\"text-align: justify;\">El Bautismo es el fundamento de toda la vida cristiana (&#8230;) y la puerta que abre el acceso a otros sacramentos. Por el Bautismo somos liberados del pecado y regenerados como hijos de Dios, llegamos a ser miembros de Cristo y somos incorporados a la Iglesia y hechos part\u00edcipes de su misi\u00f3n. (cf. CIC 1213)<\/p>\n<h3 style=\"text-align: justify;\">\u00bfQui\u00e9n puede recibir el bautismo?<\/h3>\n<p style=\"text-align: justify;\">Toda persona puede recibir el bautismo, con la \u00fanica condici\u00f3n de no haberlo recibido antes. Ciertamente que la forma y el medio como se recibe var\u00eda si qui\u00e9n lo recibe es un adulto, un joven o un ni\u00f1o reci\u00e9n nacido. De cualquier manera, es importante acercarse a la parroquia y hacer las consultas respectivas para recibir este sacramento.<\/p>\n<h3 style=\"text-align: justify;\">\u00bfCu\u00e1les son sus signos principales?<\/h3>\n<p style=\"text-align: justify;\">Si bien es cierto, el rito esencial del sacramento es la inmersi\u00f3n o derramamiento del agua, en tres oportunidades, sobre el bautizado, hay otros signos importantes, como la unci\u00f3n con el santo crisma, la profesi\u00f3n de fe y el compromiso de padres y padrinos de educar en la fe al bautizando.<\/p>\n<h3 style=\"text-align: justify;\">Primera Comuni\u00f3n<\/h3>\n<p style=\"text-align: justify;\">Sacramento del sacrificio del cuerpo y de la sangre de Jesucristo, instituido por \u00e9l mismo para perpetuar los tiempos venideros, hasta su segunda venida, el sacrificio de la Cruz.<\/p>\n<p style=\"text-align: justify;\">La\u00a0 Primera Comuni\u00f3n es uno de los siete sacramentos de la Iglesia. A trav\u00e9s, de la Primera Comuni\u00f3n, es posible tomar por primera vez la hostia y el vino, s\u00edmbolo del Cuerpo y sangre de Cristo. Este Sacramento fue instituido por Jes\u00fas, durante la \u00faltima Cena, quien en compa\u00f1\u00eda de sus 12 disc\u00edpulos, tom\u00f3 el pan y dijo:<\/p>\n<p style=\"text-align: justify;\"><em>\u201c\u2026Tomad y comed todos de \u00e9l, porque \u00e9ste es mi Cuerpo, que ser\u00e1 entregado por vosotros\u2026\u201d<\/em><\/p>\n<p style=\"text-align: justify;\"><em>Despu\u00e9s tom\u00f3 el vino y dijo<\/em><\/p>\n<p style=\"text-align: justify;\"><em>\u201c\u2026Tomad y bebed todos de \u00e9l, porque este el\u00a0 c\u00e1liz de mi Sangre, Sangre de la alianza nueva y eterna que ser\u00e1 derramada por vosotros y por todos los hombres para el perd\u00f3n de los pecados. Haced esto en conmemoraci\u00f3n\u00a0 m\u00eda\u2026\u201d<\/em><\/p>\n<p style=\"text-align: justify;\">Por lo general este sacramento se realiza cuando aun se es ni\u00f1o, alrededor de los 8 u\u00a0 11 a\u00f1os de edad, siendo necesario haber realizado el sacramento previo, el Bautismo.<\/p>\n<p style=\"text-align: justify;\">Es necesario que los ni\u00f1os cuenten con una preparaci\u00f3n previa para que vayan tomando conciencia de la grandeza\u00a0 del sacramento que van a recibir. Esta preparaci\u00f3n es otorgada a los ni\u00f1os por personas preparadas que no son sacerdotes ni religiosas, sino que son fieles de la propia comunidad que entran en contacto con los ni\u00f1os de una forma m\u00e1s cercana, incluy\u00e9ndolos tambi\u00e9n en la vida cotidiana de su comunidad<\/p>\n\n\t\t<\/div>\n\t\t\t<\/div>\n\n\t\n\n<\/div>\n\n","protected":false},"excerpt":{"rendered":"","protected":false},"author":4,"featured_media":0,"parent":0,"menu_order":0,"comment_status":"closed","ping_status":"closed","template":"page-blank.php","meta":{"footnotes":""},"class_list":["post-475","page","type-page","status-publish","hentry"],"_links":{"self":[{"href":"https:\/\/colegiodeasis.cl\/2019\/wp-json\/wp\/v2\/pages\/475","targetHints":{"allow":["GET"]}}],"collection":[{"href":"https:\/\/colegiodeasis.cl\/2019\/wp-json\/wp\/v2\/pages"}],"about":[{"href":"https:\/\/colegiodeasis.cl\/2019\/wp-json\/wp\/v2\/types\/page"}],"author":[{"embeddable":true,"href":"https:\/\/colegiodeasis.cl\/2019\/wp-json\/wp\/v2\/users\/4"}],"replies":[{"embeddable":true,"href":"https:\/\/colegiodeasis.cl\/2019\/wp-json\/wp\/v2\/comments?post=475"}],"version-history":[{"count":7,"href":"https:\/\/colegiodeasis.cl\/2019\/wp-json\/wp\/v2\/pages\/475\/revisions"}],"predecessor-version":[{"id":482,"href":"https:\/\/colegiodeasis.cl\/2019\/wp-json\/wp\/v2\/pages\/475\/revisions\/482"}],"wp:attachment":[{"href":"https:\/\/colegiodeasis.cl\/2019\/wp-json\/wp\/v2\/media?parent=475"}],"curies":[{"name":"wp","href":"https:\/\/api.w.org\/{rel}","templated":true}]}}