{"id":484,"date":"2019-11-12T01:40:42","date_gmt":"2019-11-12T01:40:42","guid":{"rendered":"http:\/\/colegiodeasis.cl\/2019\/?page_id=484"},"modified":"2019-11-12T01:49:54","modified_gmt":"2019-11-12T01:49:54","slug":"protocolo-accidente-escolar","status":"publish","type":"page","link":"https:\/\/colegiodeasis.cl\/2019\/protocolo-accidente-escolar\/","title":{"rendered":"PROTOCOLO ACCIDENTE ESCOLAR"},"content":{"rendered":"\n  <div id=\"page-header-239377391\" class=\"page-header-wrapper\">\n  <div class=\"page-title dark featured-title\">\n\n    \n    <div class=\"page-title-inner container align-center flex-row medium-flex-wrap\" >\n              <div class=\"title-wrapper flex-col text-left medium-text-center\">\n          <h1 class=\"entry-title mb-0\">\n            PROTOCOLO ACCIDENTE ESCOLAR          <\/h1>\n        <\/div>\n                    <div class=\"title-content flex-col flex-right text-right medium-text-center\">\n        <div class=\"title-breadcrumbs pb-half pt-half\"><\/div>      <\/div>\n    <\/div>\n\n     \n<style>\n#page-header-239377391 .page-title-inner {\n  min-height: 100px;\n}\n<\/style>\n  <\/div>\n    <\/div>\n  \n\n\t<div id=\"gap-1009844356\" class=\"gap-element clearfix\" style=\"display:block; height:auto;\">\n\t\t\n<style>\n#gap-1009844356 {\n  padding-top: 30px;\n}\n<\/style>\n\t<\/div>\n\t\n\n<div class=\"row row-small\"  id=\"row-1830690707\">\n\n\n\t<div id=\"col-1804418958\" class=\"col medium-6 small-12 large-6\"  >\n\t\t<div class=\"col-inner\"  >\n\t\t\t\n\t\t\t\n\n<h3 style=\"text-align: left;\">Introducci\u00f3n:<\/h3>\n<p style=\"text-align: left;\">El Colegio de As\u00eds, elabor\u00f3 el presente protocolo\u00a0 referido\u00a0 \u00a0a\u00a0 Accidentes Escolares en cuya redacci\u00f3n se tuvo presente los principios y objetivos declarados en nuestro Proyecto Educativo Institucional, los lineamientos de la Superintendencia de Educaci\u00f3n Escolar, como tambi\u00e9n los objetivos y fundamentos que sustentan el Plan Integral de Seguridad\u00a0 Escolar del Colegio\u00a0 (PISE).<\/p>\n<p style=\"text-align: left;\">Las familias de nuestros alumnos y alumnas nos encomiendan la Formaci\u00f3n Val\u00f3rica y Acad\u00e9mica de sus hijos e hijos confiando en que nuestro Colegio, tanto en su organizaci\u00f3n administrativa como en la forma concreta de llevarla a cabo, en sus instalaciones, aulas, laboratorios, patios, comedores, gimnasio, talleres, servicios higi\u00e9nicos, etc., ha planificado, dispuesto y concretado CONDICIONES DE SEGURIDAD SUFICIENTES como para que dicha Acci\u00f3n Educativa se realice y complete sin sobresaltos de ninguna especie.<\/p>\n<p style=\"text-align: left;\">La Legislaci\u00f3n Vigente, espec\u00edficamente la Ley 16.744 Art. 3\u00ba, dispone que est\u00e1n\u00a0 protegidos todos los estudiantes de Establecimientos fiscales o particulares por los accidentes que sufran con ocasi\u00f3n de sus estudios, en seguida se define un accidente escolar como\u00a0 toda lesi\u00f3n que un estudiante pueda sufrir a causa o en el desarrollo de actividades escolares que, por su gravedad, traigan como consecuencia incapacidad o da\u00f1o. Dentro de esta categor\u00eda se considera tambi\u00e9n los accidentes que puedan sufrir los estudiantes en el trayecto desde y hasta sus establecimientos educacionales.<\/p>\n<p style=\"text-align: left;\">Por lo anteriormente expuesto, se hace necesario dise\u00f1ar y establecer un Protocolo de Acci\u00f3n que permita asumir las acciones recomendables y adecuadas en caso de presentarse alg\u00fan Accidente Escolar.<\/p>\n<p style=\"text-align: left;\"><strong>PREVENCI\u00d3N DE ACCIDENTES:<\/strong><\/p>\n<p style=\"text-align: left;\">Es importante, en lo referido a los Accidentes Escolares, dar la mayor importancia posible a la PREVENCI\u00d3N de los Accidentes Escolares: una adecuada Prevenci\u00f3n, a trav\u00e9s de sencillas medidas de tipo pr\u00e1ctico, puede evitar\u00a0 la ocurrencia de dichas situaciones.<\/p>\n<p style=\"text-align: left;\">Se entregan a continuaci\u00f3n algunas de estas medidas de f\u00e1cil cumplimiento, apelando al buen criterio de todo el personal de nuestro Colegio, Directivos, Docentes, Asistentas de la Educaci\u00f3n, Personal Auxiliar, etc. para colaborar con el llamado de atenci\u00f3n oportuno a nuestros Alumnos y Alumnas<\/p>\n<p style=\"text-align: left;\"><strong>MEDIDAS DE PREVENCI\u00d3N:<\/strong><\/p>\n<ol style=\"text-align: left;\">\n<li>EN LA SALA DE CLASES O LUGARES CERRADOS EN GENERAL:<\/li>\n<\/ol>\n<ul style=\"text-align: left;\">\n<li>Sentarse de manera correcta<\/li>\n<li>No balancearse en las sillas<\/li>\n<li>No quitar la silla al compa\u00f1ero (a) cuando vaya a sentarse: Puede ser causa de ca\u00eddas que pueden causar graves lesiones.<\/li>\n<li>Sacar punta a los l\u00e1pices S\u00d3LO CON SACAPUNTAS, no usando ning\u00fan otro tipo de ELEMENTO CORTANTE. ( prohibido tiptop o corta cart\u00f3n)<\/li>\n<li>No lanzar objetos en la Sala<\/li>\n<li>No usar tijeras de puntas afilada s\u00f3lo portar tijera punta roma.<\/li>\n<\/ul>\n<ol style=\"text-align: left;\" start=\"2\">\n<li>EN LOS PATIOS, PASILLOS, CANCHAS DEPORTIVAS Y OTROS LUGARES ABIERTOS:<\/li>\n<\/ol>\n<ul style=\"text-align: left;\">\n<li>No realizar JUEGOS que pongan en peligro la seguridad o integridad personal o la de los compa\u00f1eros y compa\u00f1eras de curso o del Colegio en general, que comparten el mismo lugar de Recreaci\u00f3n o Esparcimiento<\/li>\n<li>No lanzar objetos de un lugar a otro, poniendo en peligro la integridad de sus compa\u00f1eros (as)<\/li>\n<li>No salir de las Salas de Clase o de otros lugares cerrados corriendo (comedor, Talleres, Laboratorio, etc.)<\/li>\n<li>Mantener la calma y obedecer cualquiera orden, indicaci\u00f3n o sugerencia en caso de alguna Emergencia, respetando las V\u00edas de Evacuaci\u00f3n y los Lugares de Resguardo correspondientes y adecuadamente se\u00f1alizados.<\/li>\n<li>En caso de realizar Partidos de Babi-f\u00fatbol, B\u00e1squetbol o V\u00f3leibol en las Canchas o lugares autorizados, no aplicar violencia en el uso de los implementos usados (balones), mostrando siempre un comportamiento adecuado a su calidad de estudiante<\/li>\n<li>\uf020El desplazamiento por los Pasillos y los Patios debe ser mesurado, CAMINANDO y no CORRIENDO, cuidando as\u00ed la integridad personal y la de sus compa\u00f1eros (as)<\/li>\n<li>Especial cuidado debe tener nuestro estudiante en el cumplimiento de las actividades realizadas en las Clases o Actividades de EDUCACI\u00d3N F\u00cdSICA, Asignatura que presente mayor n\u00famero de ocasiones como para correr riesgos de lesi\u00f3n: deber\u00e1 limitarse solamente a las INSTRUCCIONES entregadas por su Profesor (a) para el cumplimiento de sus Actividades<\/li>\n<\/ul>\n<p style=\"text-align: left;\">\u00a0<\/p>\n<ol style=\"text-align: left;\" start=\"3\">\n<li>COMPORTAMIENTO EN EL \u00a0TRAYECTO HACIA\/DESDE EL COLEGIO.<\/li>\n<\/ol>\n<p style=\"text-align: left;\">3.1.- PARA ALUMNAS Y ALUMNOS QUE SE TRASLADAN CAMINANDO AL HOGAR:<\/p>\n<ul style=\"text-align: left;\">\n<li>Desplazarse por las calles CAMINANDO, NO CORRIENDO, en el trayecto desde su casa al Colegio y vice \u2013 versa.<\/li>\n<li>Salir de su domicilio con el TIEMPO SUFICIENTE como para llegar al Colegio oportunamente, sin apuro ni peligro de atrasos.<\/li>\n<li>Cruzar las calles con PRECAUCI\u00d3N MIRANDO A AMBOS LADOS ANTES DE CRUZAR<\/li>\n<\/ul>\n<p style=\"text-align: left;\">3.2 PARA ALUMNAS Y ALUMNOS QUE VIAJAN EN BUS, FURGON ESCOLARES O MOVILIZACI\u00d3N FAMILIAR:<\/p>\n<ul style=\"text-align: left;\">\n<li>Ser PUNTUAL en la espera del<\/li>\n<li>Esperar a que el transporte se detengan completamente para subir o bajar.<\/li>\n<li>No cruzar por DELANTE o \u00a0por DETR\u00c1S, \u00a0Hacerlo cuando el veh\u00edculo se vaya, comprobando que no vengan otros veh\u00edculos ANTES DE CRUZAR.<\/li>\n<li>Evitar ubicarse \u00a0cerca de las puertas del Bus, ya que \u00e9stas pueden abrirse, provocando ca\u00eddas<\/li>\n<li>No sacar la cabeza ni las manos por las ventanas del veh\u00edculo<\/li>\n<li>No distraer al conductor<\/li>\n<li>No lanzar objetos, elemento o desperdicio por las ventanas de los veh\u00edculos hacia la calle: esto puede provocar accidentes a otros conductores.<\/li>\n<li>Subir y bajar del veh\u00edculo POR EL LADO DE LA ACERA, evitando ATROPELLOS con consecuencias fatales.<\/li>\n<li>No apoyarse en las puertas del veh\u00edculo<\/li>\n<li>Mantener un clima agradable durante el viaje, tratando en buena forma tanto al conductor como a los compa\u00f1eros y compa\u00f1eras de Colegio que ocupan el mismo veh\u00edculo<\/li>\n<li>Usar el cintur\u00f3n de seguridad, sea cual fuere el veh\u00edculo en el que viaja<\/li>\n<\/ul>\n<p style=\"text-align: left;\"><strong>RESPECTO \u00a0AL \u00a0SEGURO ESCOLAR:<\/strong><\/p>\n<p style=\"text-align: left;\">En relaci\u00f3n con el Seguro Escolar, el Decreto N\u00ba 313 se\u00f1ala que todo alumno (a) accidentado (a) EN EL COLEGIO \u00a0o EN EL TRAYECTO, DEBE SER LLEVADO A UN CENTRO DE SALUD P\u00daBLICA. EL SEGURO ESCOLAR NO ES VALIDO EN SERVICIOS DE SALUD PRIVADA.<\/p>\n<p style=\"text-align: left;\">El\u00a0 colegio\u00a0 deber\u00e1 informar del hecho al Servicio de Salud por medio de un formulario que se encuentra aprobado por el mismo servicio. Para obtener el\u00a0 Seguro Escolar el Colegio\u00a0 debe extender la \u201cDECLARACI\u00d3N INDIVIDUAL DE ACCIDENTE ESCOLAR\u201d, llenando el Formulario respectivo con TODOS LOS ANTECEDENTES SOLICITADOS EN \u00c9L, y con CLARA INDICACI\u00d3N de las CONDICIONES EN QUE SE PRODUJO EL ACCIDENTE.<\/p>\n<p style=\"text-align: left;\">Dicha Declaraci\u00f3n, extendida en cuatro ejemplares firma por el Director del Colegio o por quien lo subrogue, debe ser ENTREGADA A LOS PADRES O FAMILIARES DEL ALUMNO (A) ACCIDENTADO (A) para ser LLEVADA AL CENTRO DE SALUD, volviendo a los Archivos del Colegio UNA COPIA FIRMADA POR DICHO CENTRO:<\/p>\n<p style=\"text-align: left;\"><strong>Se deja establecido que<\/strong><\/p>\n<ol style=\"text-align: left;\">\n<li>El establecimiento educacional cuenta con 24 horas para denunciar el hecho ocurrido al estudiante, posterior a este plazo el Servicio de Salud no se hace responsable de otorgar los beneficios establecidos por Ley.<\/li>\n<li>El alumno o sus padres y\/o apoderados tambi\u00e9n se encuentran facultados de realizar la denuncia cuando el hecho ocurra fuera de las dependencias del establecimiento. (trayecto hacia el hogar o desde hogar al colegio).<\/li>\n<li>En el caso anterior los afectados deber\u00e1n contar con una constancia policial que respalde los hechos ocurridos, testigos y cualquier otro documento que acredite lo ocurrido.<\/li>\n<li>Si el Apoderado (a) DESISTIERA O RENUNCIARA a la Atenci\u00f3n del Ni\u00f1o (a) en el Servicio P\u00fablico, EL COLEGIO EN NING\u00daN CASO SE HAR\u00c1 RESPONSABLE DE LOS COSTOS DE ATENCI\u00d3N EN SERVICIOS PRIVADOS.<\/li>\n<li>CUALQUIERA OTRA ACCI\u00d3N QUE DETERMINE EL SERVICIO DE URGENCIA EN QUE HA SIDO ATENDIDO EL MENOR ACCIDENTADO (A), INCLUY\u00c9NDOSE EL POSIBLE TRASLADO U OTRO HOSPITAL , EL CUBRIR VALORES DE RECETAS, TRATAMIENTOS DE CUALQUIERA ESPECIE, EX\u00c1MENES, etc. son de EXCLUSIVA RESPONSABILIDAD DEL SEGURO ESCOLAR. Por lo anterior, se aconseja a los Apoderados o Padres \u00a0GUARDAR TODOS LOS COMPROBANTES.<\/li>\n<li>En el caso de nuestro colegio, la atenci\u00f3n de urgencia se\u00a0 realiza en Hospital del Carmen.<\/li>\n<\/ol>\n<p style=\"text-align: left;\"><strong>PRESTACIONES \u00a0DEL SEGURO ESCOLAR<\/strong><\/p>\n<p style=\"text-align: left;\"><strong>\u00bfQu\u00e9 cubre el Seguro Escolar?<\/strong><\/p>\n<p style=\"text-align: left;\">Los accidentes que ocurran dentro del centro educativo, \u00a0los que se produzcan durante el trayecto directo, ida o vuelta, entre su casa y el establecimiento educacional.<\/p>\n<p style=\"text-align: left;\"><strong>\u00bfQu\u00e9 tipo de accidentes se except\u00faan?<\/strong><\/p>\n<p style=\"text-align: left;\">Los producidos intencionalmente por la v\u00edctima y los ocurridos por fuerza mayor extra\u00f1a que no tengan relaci\u00f3n alguna con los estudios.<\/p>\n<p style=\"text-align: left;\"><strong>\u00bfC\u00f3mo se acredita un accidente de trayecto directo?<\/strong><\/p>\n<p style=\"text-align: left;\">Para acreditar un accidente de trayecto directo, servir\u00e1\u00a0el parte de Carabineros, la declaraci\u00f3n de testigos presenciales o cualquier otro medio de prueba igualmente fehaciente.<\/p>\n<p style=\"text-align: left;\"><strong>\u00bfA d\u00f3nde hay que acudir en caso de accidente?<\/strong><\/p>\n<p style=\"text-align: left;\">A cualquier centro perteneciente a la\u00a0Red P\u00fablica de Salud.<\/p>\n\n\t\t<\/div>\n\t\t\t<\/div>\n\n\t\n\n\t<div id=\"col-342079088\" class=\"col medium-6 small-12 large-6\"  >\n\t\t<div class=\"col-inner\"  >\n\t\t\t\n\t\t\t\n\n<p style=\"text-align: left;\"><strong>\u00bfQu\u00e9 incluye la cobertura de salud?<\/strong><\/p>\n<p style=\"text-align: left;\">Cubre el 100% de los gastos m\u00e9dicos asociados a la condici\u00f3n de \u201caccidente escolar\u201d, incluyendo:<\/p>\n<p style=\"text-align: left;\">Atenci\u00f3n M\u00e9dica y\/o Hospitalizaci\u00f3n (si fuese necesario), Medicamentos, Pr\u00f3tesis, Rehabilitaci\u00f3n, Gastos de Traslado y\/o Mortuorios y otros, hasta la \u201ccuraci\u00f3n completa\u201d del ni\u00f1o o joven.<\/p>\n<p style=\"text-align: left;\">Al ser un servicio entregado por el Estado, su validez se hace efectiva en centros m\u00e9dicos de la red de salud p\u00fablica, seg\u00fan la ubicaci\u00f3n del establecimiento educacional.<\/p>\n<ul style=\"text-align: left;\">\n<li>Servicio M\u00e9dico gratuito.<\/li>\n<li>Atenci\u00f3n m\u00e9dica, quir\u00fargica y dental en establecimientos externos o a domicilio, en establecimientos del Sistema Nacional de Servicios de Salud.<\/li>\n<li>Hospitalizaciones, si fuere necesario.<\/li>\n<li>Medicamentos y productos farmac\u00e9uticos.<\/li>\n<li>Pr\u00f3tesis y aparatos ortop\u00e9dicos incluida su reparaci\u00f3n.<\/li>\n<li>Rehabilitaci\u00f3n f\u00edsica y reeducaci\u00f3n profesional.<\/li>\n<li>Los gastos de traslado y cualquier otro necesario para el otorgamiento de estas prestaciones.<\/li>\n<\/ul>\n<p style=\"text-align: left;\"><strong>\u00bfCu\u00e1nto tiempo duran estos beneficios?<\/strong><\/p>\n<p style=\"text-align: left;\">Hasta la\u00a0entera recuperaci\u00f3n\u00a0del estudiante o\u00a0mientras subsistan los s\u00edntomas\u00a0de las secuelas causadas por el accidente.<\/p>\n<p>\u00a0<\/p>\n<p style=\"text-align: left;\"><strong>\u00bfQu\u00e9 otros beneficios entrega el Seguro Escolar? Pensi\u00f3n permanente o temporal\u00a0en el caso que fuese necesario<\/strong><\/p>\n<p style=\"text-align: left;\">PROTOCOLO \u00a0ATENCI\u00d3N DE ENFERMEDAD \u00a0O \u00a0ACCIDENTE ESCOLAR<\/p>\n<p style=\"text-align: left;\">La\u00a0 sala de primeros auxilios del colegio,\u00a0 recibe a los estudiantes que necesiten de atenci\u00f3n\u00a0 en caso de accidente, requieran de curaciones simples o enfermedad transitoria.<\/p>\n<p style=\"text-align: left;\">En caso de enfermedad repentina: Los estudiantes que durante la jornada escolar\u00a0 presenten o lleguen desde el hogar con alguno de los siguientes s\u00edntomas, y que su condici\u00f3n le impida el desarrollo normal de la clase, se \u00a0informar\u00e1 \u00a0telef\u00f3nicamente al\u00a0 apoderado para su retiro:<\/p>\n<ol style=\"text-align: left;\">\n<li>Cefalea<\/li>\n<li>Dolor de garganta<\/li>\n<li>Dolor abdominal<\/li>\n<li>Diarrea<\/li>\n<li>Cuadros Virales Agudos.<\/li>\n<li>Sospecha de peste \u00a0<\/li>\n<li>Decaimiento General<\/li>\n<li>Desvanecimiento<\/li>\n<li>Fiebre y\/o V\u00f3mitos.<\/li>\n<li>Dolor persiste de o\u00eddo \u2013 muela.<\/li>\n<li>Reacci\u00f3n al\u00e9rgica por picadura (zancudo-abeja-ara\u00f1a)<\/li>\n<li>Dolor persistente en alguna zona del cuerpo.<\/li>\n<li>Conjuntivitis<\/li>\n<\/ol>\n<p style=\"text-align: left;\">\u00a0<\/p>\n<ol style=\"text-align: left;\">\n<li>a) Tipificaci\u00f3n de Accidentes Escolares<\/li>\n<\/ol>\n<p style=\"text-align: left;\"><strong>ACCIDENTES LEVES:<\/strong> Son aquellas lesiones superficiales que s\u00f3lo requieren curaciones simples: rasmilladura, corte superficial de la piel, ca\u00edda al mismo nivel del suelo, golpe con alg\u00fan\u00a0 objeto o persona, contusi\u00f3n menor y de efecto transitorio, hematoma (Chich\u00f3n).<\/p>\n<p style=\"text-align: left;\"><strong>ACTUAR<\/strong> \u00a0en el caso de accidente leve<\/p>\n<p style=\"text-align: left;\">Junto a realizar la atenci\u00f3n inicial del trauma y prestar el apoyo\u00a0 b\u00e1sico, el Profesor Jefe o Profesor a cargo de la atenci\u00f3n\u00a0 enviar\u00e1 comunicaci\u00f3n escrita o se comunicar\u00e0 por tel\u00e9fono para informar el hecho.<\/p>\n<p style=\"text-align: left;\"><strong>ACCIDENTES<\/strong> Moderados: Son aquellos accidentes que si bien no son un riesgo para el estudiante requieren de cuidado: torcedura, esquince, ca\u00edda en escaleras.<\/p>\n<p style=\"text-align: left;\">Actuar en caso de accidentes moderado:<\/p>\n<p style=\"text-align: left;\">Junto a realizar la atenci\u00f3n inicial del trauma y prestar el apoyo\u00a0 b\u00e1sico, Se llamar\u00e1 por tel\u00e9fono \u00a0al apoderado, para informar del hecho. Son los padres quienes deben presentarse en el Establecimiento o un familiar que designe para retirar al estudiante. Se entregar\u00e1\u00a0 el seguro escolar respectivo aunque estime llevarlo a un centro particular.<\/p>\n<p style=\"text-align: left;\"><strong>ACCIDENTES GRAVES:<\/strong> Son aquellas que afectan el funcionamiento de sistemas vitales, o conllevan la posibilidad de generar secuelas funcionales. \u00a0TEC complicados, con compromiso de conciencia, heridas profundas con compromiso extenso de los planos musculares y\/o vasos sangu\u00edneos importantes, politraumatismos severos, luxaciones, esguince 2\u00ba y 3\u00ba, corte profundo, \u00a0fracturas en general, especialmente las craneoencef\u00e1licas, cervicales y expuestas. Requieren urgente evaluaci\u00f3n y tratamiento m\u00e9dico especializado. Amerita internaci\u00f3n hospitalaria.<\/p>\n<p style=\"text-align: left;\">Actuar en caso de accidente Grave: En caso de accidente grave,\u00a0 Junto a realizar la atenci\u00f3n inicial del trauma ser\u00e1\u00a0 trasladado por personal del colegio, \u00a0inmediatamente al servicio de urgencia que corresponda al sector. (Hospital del Carmen) Simult\u00e1neamente se dar\u00e1 aviso a los padres v\u00eda telef\u00f3nica para que concurran a dicho Centro Asistencial donde podr\u00e1n tomar la decisi\u00f3n de trasladar a otro servicio dependiendo del facultativo.<\/p>\n<ol style=\"text-align: left;\">\n<li>b) Urgencia por accidente TRAUM\u00c1TICO MENOS GRAVE.<\/li>\n<\/ol>\n<p style=\"text-align: left;\">\u00a0El alumno recibir\u00e1 la atenci\u00f3n inicial del trauma y ser\u00e1 trasladado por personal del colegio y\/o seg\u00fan requiera ambulancia al Servicio de Urgencia, Tanto en emergencias como urgencias, los alumnos ser\u00e1n acompa\u00f1ados por personal del COLEGIO, el que permanecer\u00e1 con el alumno hasta que llegue el apoderado o quien este designe en su reemplazo y\/o. Ej. Fracturas, luxaciones, inmovilizaciones etc.<\/p>\n<ol style=\"text-align: left;\">\n<li>c) Urgencia por cuadro cl\u00ednico NO TRAUM\u00c1TICA<\/li>\n<\/ol>\n<p style=\"text-align: left;\">Se proceder\u00e1 al igual que en el punto anterior. Ej. Crisis convulsiva, crisis asm\u00e1tica severa, \u00a0hipoglicemia severa dolor abdominal intenso, etc. Tanto en emergencias como urgencias, los alumnos ser\u00e1n acompa\u00f1ados por personal del COLEGIO, el que permanecer\u00e1 con el alumno hasta que llegue el apoderado o quien este designe en su reemplazo.<\/p>\n<p style=\"text-align: left;\">Los alumnos que cuenten con seguros particulares de salud, deben mantener la informaci\u00f3n actualizada en su agenda y ficha personal, para que el colegio se comunique directamente con ellos.<\/p>\n<p style=\"text-align: left;\">Es importante completar todos los datos personales y tel\u00e9fonos de emergencia en la agenda y ficha personal. Con Tel\u00e9fonos vigentes, actualizados. Es responsabilidad de los padres y apoderados mantener estos datos actualizados.<\/p>\n<p style=\"text-align: left;\">Toda condici\u00f3n de salud o cuadro cl\u00ednico que involucre estado de riesgo vital o riesgo de secuela funcional grave para el estudiante \u00a0y, por ende, requiere atenci\u00f3n m\u00e9dica inmediata e impostergable ser\u00e1 trasladado al recinto hospitalario m\u00e1s cercano; en este caso al Servicio de Urgencia\u00a0\u00a0 Hospital del Carmen. Seg\u00fan lo indica la Ley de Urgencia Vital vigente, que cubre tanto a personas afiliadas a Fonasa \u00a0e Isapre.<\/p>\n<p style=\"text-align: left;\"><strong>DE LA CLASES DE EDUCACION FISICA:<\/strong><\/p>\n<p style=\"text-align: left;\">Es responsabilidad de los padres a cargo\u00a0 del menor realizar los chequeos y ex\u00e1menes preventivos que ayuden a alertar\u00a0 en caso de riesgo cardiovascular\u00a0 e\u00a0 informar al\u00a0 Establecimiento para adecuar\u00a0\u00a0 la metodolog\u00eda y planificaci\u00f3n\u00a0 en las clases de Educaci\u00f3n F\u00edsica. En consecuencia, debe hacer llegar el certificado m\u00e9dico que acredite \u00a0al alumno APTO \u00a0para realizar actividad f\u00edsica hasta el 30 de Marzo<\/p>\n<p style=\"text-align: left;\"><strong>ACTUAR EN CASO DE\u00a0 ENFERMEDAD CONTAGIOSA:<\/strong><\/p>\n<p style=\"text-align: left;\">\u00a0Frente a casos de una enfermedad contagiosa como meningitis, tuberculosis u otra\u00a0 es la autoridad sanitaria que reporta al Establecimiento las caracter\u00edsticas y procedimientos que el colegio deber\u00e1\u00a0\u00a0 aplicar en\u00a0 la comunidad educativa. Esta informaci\u00f3n no siempre est\u00e1 disponible en el primer d\u00eda de internaci\u00f3n, por lo cual, la comunicaci\u00f3n es constante con las autoridades de salud para conocer el diagn\u00f3stico definitivo.<\/p>\n<p style=\"text-align: left;\">Si se trata de una meningitis Viral seguir las recomendaciones de prevenci\u00f3n de meningitis virales. (Casa \u2013colegio):<\/p>\n<ul style=\"text-align: left;\">\n<li>Lavado minucioso y constante de manos.<\/li>\n<li>No compartir vasos, utensilios, caramelos, toallas, etc.<\/li>\n<li>Limpieza adecuada de las instalaciones en forma diaria, de manera tal de lograr las mejores condiciones de higiene posibles. Se debe poner especial \u00e9nfasis en la limpieza y desinfecci\u00f3n de pisos.<\/li>\n<li>Limpieza y desinfecci\u00f3n de los ba\u00f1os \u2013 mesas.<\/li>\n<li>Ventilaci\u00f3n de los ambientes en forma diaria<\/li>\n<\/ul>\n<p style=\"text-align: left;\">Si se trata de una meningitis bacteriana se deber\u00e1 conocer el agente causal. Si la meningitis bacteriana es producida por Neumococo no existen medidas de prevenci\u00f3n para ofrecer a los contactos (es decir no se debe dar ni antibi\u00f3ticos ni vacuna)<\/p>\n<p style=\"text-align: left;\">Si la meningitis bacteriana es por haemophilus tipo b existen medidas de prevenci\u00f3n para ofrecer a los contactos.<\/p>\n<p style=\"text-align: left;\"><strong>\u00a0Vacuna:<\/strong> controlar el esquema de vacunaci\u00f3n (debe contar con las dosis adecuadas de vacuna cu\u00e1druple seg\u00fan la edad, complet\u00e1ndolo en el caso de los incompletos)<\/p>\n<p style=\"text-align: left;\"><strong>\u00a0Antibi\u00f3ticos:<\/strong> independientemente de que tengan las vacunas completas o no deben recibir antibi\u00f3ticos a los contactos de acuerdo con las recomendaciones.<\/p>\n<ul style=\"text-align: left;\">\n<li>Si la meningitis bacteriana es por Meningococo existen medidas de prevenci\u00f3n para ofrecer a los contactos<\/li>\n<\/ul>\n<p style=\"text-align: left;\"><strong>Antibi\u00f3ticos:<\/strong> deben recibir antibi\u00f3ticos a los contactos de acuerdo con las recomendaciones<\/p>\n<ul>\n<li style=\"text-align: left;\">Si la meningitis bacteriana es a germen indeterminado (es decir, no se encuentra un agente en los cultivos), no est\u00e1 indicado dar antibi\u00f3ticos a los contactos.<br \/><br \/><\/li>\n<li style=\"text-align: left;\">En algunos casos la autoridad de Salud podr\u00e1 recomendar el uso de antibi\u00f3ticos frente a un caso de meningitis bacteriana que a pesar de no tener agente, por la cl\u00ednica del ni\u00f1o sean compatibles con meningitis a Meningococo o Haemophilus b.<\/li>\n<\/ul>\n\n\t\t<\/div>\n\t\t\t<\/div>\n\n\t\n\n<\/div>\n\n","protected":false},"excerpt":{"rendered":"","protected":false},"author":4,"featured_media":0,"parent":0,"menu_order":0,"comment_status":"closed","ping_status":"closed","template":"page-blank.php","meta":{"footnotes":""},"class_list":["post-484","page","type-page","status-publish","hentry"],"_links":{"self":[{"href":"https:\/\/colegiodeasis.cl\/2019\/wp-json\/wp\/v2\/pages\/484","targetHints":{"allow":["GET"]}}],"collection":[{"href":"https:\/\/colegiodeasis.cl\/2019\/wp-json\/wp\/v2\/pages"}],"about":[{"href":"https:\/\/colegiodeasis.cl\/2019\/wp-json\/wp\/v2\/types\/page"}],"author":[{"embeddable":true,"href":"https:\/\/colegiodeasis.cl\/2019\/wp-json\/wp\/v2\/users\/4"}],"replies":[{"embeddable":true,"href":"https:\/\/colegiodeasis.cl\/2019\/wp-json\/wp\/v2\/comments?post=484"}],"version-history":[{"count":5,"href":"https:\/\/colegiodeasis.cl\/2019\/wp-json\/wp\/v2\/pages\/484\/revisions"}],"predecessor-version":[{"id":489,"href":"https:\/\/colegiodeasis.cl\/2019\/wp-json\/wp\/v2\/pages\/484\/revisions\/489"}],"wp:attachment":[{"href":"https:\/\/colegiodeasis.cl\/2019\/wp-json\/wp\/v2\/media?parent=484"}],"curies":[{"name":"wp","href":"https:\/\/api.w.org\/{rel}","templated":true}]}}