{"id":547,"date":"2019-11-22T01:02:56","date_gmt":"2019-11-22T01:02:56","guid":{"rendered":"http:\/\/colegiodeasis.cl\/2019\/?page_id=547"},"modified":"2026-01-26T16:07:27","modified_gmt":"2026-01-26T16:07:27","slug":"admision-2020","status":"publish","type":"page","link":"https:\/\/colegiodeasis.cl\/2019\/admision-2020\/","title":{"rendered":"DOCUMENTOS PARA LA MATR\u00cdCULA"},"content":{"rendered":"\n  <div id=\"page-header-1254208372\" class=\"page-header-wrapper\">\n  <div class=\"page-title dark featured-title\">\n\n    \n    <div class=\"page-title-inner container align-center flex-row medium-flex-wrap\" >\n              <div class=\"title-wrapper flex-col text-left medium-text-center\">\n          <h1 class=\"entry-title mb-0\">\n            DOCUMENTOS PARA LA MATR\u00cdCULA          <\/h1>\n        <\/div>\n                    <div class=\"title-content flex-col flex-right text-right medium-text-center\">\n        <div class=\"title-breadcrumbs pb-half pt-half\"><\/div>      <\/div>\n    <\/div>\n\n     \n<style>\n#page-header-1254208372 .page-title-inner {\n  min-height: 100px;\n}\n<\/style>\n  <\/div>\n    <\/div>\n  \n\n\t<div id=\"gap-1708150697\" class=\"gap-element clearfix\" style=\"display:block; height:auto;\">\n\t\t\n<style>\n#gap-1708150697 {\n  padding-top: 30px;\n}\n<\/style>\n\t<\/div>\n\t\n\n<div class=\"row\"  id=\"row-878569971\">\n\n\n\t<div id=\"col-1034833192\" class=\"col small-12 large-12\"  >\n\t\t<div class=\"col-inner\" style=\"background-color:rgb(243, 239, 148);\" >\n\t\t\t\n\t\t\t\n\n<h2 style=\"text-align: center;\">Los siguientes documentos deben ser entregados el d\u00eda de la matr\u00edcula, con toda la informaci\u00f3n solicitada en cada uno de ellos.<\/h2>\n\n\t\t<\/div>\n\t\t\t<\/div>\n\n\t\n\n<\/div>\n<div class=\"row row-small\"  id=\"row-738282303\">\n\n\n\t<div id=\"col-1172618650\" class=\"col small-12 large-12\"  >\n\t\t<div class=\"col-inner\" style=\"background-color:rgb(245, 233, 169);\" >\n\t\t\t\n\t\t\t\n\n<h4 style=\"text-align: center;\">Documentos para\u00a0 apoderaros(as)\u00a0 que\u00a0 cancelan\u00a0 con<strong> CHEQUES<\/strong> el a\u00f1o escolar <span style=\"background-color: #ffcc00;\">2026<\/span><\/h4>\n<p>\u00a0<\/p>\n<h3>FICHA MATRICULA 2025<\/h3>\n<h3>TOMA CONOCIMIENTO Y ACEPTACION REGLAMENTOS 2025<\/h3>\n<h3>Estado de salud 2025<\/h3>\n<h3>DESGLOSE CHEQUES 2025<\/h3>\n<h3>ADHESION PEI 2025<\/h3>\n<h3>CONTRATO PRESTACI\u00d3N SERVICIO 2025<\/h3>\n<h3>\u00a0<\/h3>\n<p>\u00a0<\/p>\n\n\t\t<\/div>\n\t\t\t<\/div>\n\n\t\n\n<\/div>\n\n","protected":false},"excerpt":{"rendered":"","protected":false},"author":4,"featured_media":0,"parent":0,"menu_order":0,"comment_status":"closed","ping_status":"closed","template":"page-blank.php","meta":{"footnotes":""},"class_list":["post-547","page","type-page","status-publish","hentry"],"_links":{"self":[{"href":"https:\/\/colegiodeasis.cl\/2019\/wp-json\/wp\/v2\/pages\/547","targetHints":{"allow":["GET"]}}],"collection":[{"href":"https:\/\/colegiodeasis.cl\/2019\/wp-json\/wp\/v2\/pages"}],"about":[{"href":"https:\/\/colegiodeasis.cl\/2019\/wp-json\/wp\/v2\/types\/page"}],"author":[{"embeddable":true,"href":"https:\/\/colegiodeasis.cl\/2019\/wp-json\/wp\/v2\/users\/4"}],"replies":[{"embeddable":true,"href":"https:\/\/colegiodeasis.cl\/2019\/wp-json\/wp\/v2\/comments?post=547"}],"version-history":[{"count":91,"href":"https:\/\/colegiodeasis.cl\/2019\/wp-json\/wp\/v2\/pages\/547\/revisions"}],"predecessor-version":[{"id":1766,"href":"https:\/\/colegiodeasis.cl\/2019\/wp-json\/wp\/v2\/pages\/547\/revisions\/1766"}],"wp:attachment":[{"href":"https:\/\/colegiodeasis.cl\/2019\/wp-json\/wp\/v2\/media?parent=547"}],"curies":[{"name":"wp","href":"https:\/\/api.w.org\/{rel}","templated":true}]}}