{"id":94,"date":"2019-08-06T20:13:19","date_gmt":"2019-08-06T20:13:19","guid":{"rendered":"http:\/\/localhost:8888\/test\/?page_id=17"},"modified":"2026-02-04T19:49:48","modified_gmt":"2026-02-04T19:49:48","slug":"home","status":"publish","type":"page","link":"https:\/\/colegiodeasis.cl\/2019\/","title":{"rendered":"HOME"},"content":{"rendered":"\n<div class=\"slider-wrapper relative\" id=\"slider-900270655\" >\n    <div class=\"slider slider-nav-simple slider-nav-large slider-nav-light slider-style-normal\"\n        data-flickity-options='{\n            \"cellAlign\": \"center\",\n            \"imagesLoaded\": true,\n            \"lazyLoad\": 1,\n            \"freeScroll\": false,\n            \"wrapAround\": true,\n            \"autoPlay\": 6000,\n            \"pauseAutoPlayOnHover\" : false,\n            \"prevNextButtons\": true,\n            \"contain\" : true,\n            \"adaptiveHeight\" : true,\n            \"dragThreshold\" : 10,\n            \"percentPosition\": true,\n            \"pageDots\": true,\n            \"rightToLeft\": false,\n            \"draggable\": true,\n            \"selectedAttraction\": 0.1,\n            \"parallax\" : 0,\n            \"friction\": 0.6        }'\n        >\n        \n\n\n  <div class=\"banner has-hover is-full-height has-parallax\" id=\"banner-740242203\">\n          <div class=\"banner-inner fill\">\n        <div class=\"banner-bg fill\" data-parallax=\"-2\" data-parallax-container=\".banner\" data-parallax-background>\n            <div class=\"bg fill bg-fill \"><\/div>\n                        <div class=\"overlay\"><\/div>            \n                    <\/div>\n        <div class=\"banner-layers container\">\n            <div class=\"fill banner-link\"><\/div>            \n\n   <div id=\"text-box-765565326\" class=\"text-box banner-layer x50 md-x5 lg-x5 y50 md-y50 lg-y50 res-text\">\n                     <div data-animate=\"fadeInLeft\">           <div class=\"text dark\">\n              \n              <div class=\"text-inner text-center\">\n                  \n\n\t<div class=\"img has-hover x md-x lg-x y md-y lg-y\" id=\"image_1016850441\">\n\t\t\t\t\t\t\t\t<div class=\"img-inner dark\" >\n\t\t\t<img loading=\"lazy\" decoding=\"async\" width=\"376\" height=\"65\" src=\"https:\/\/colegiodeasis.cl\/2019\/wp-content\/uploads\/2019\/11\/logo-deasis3-1.png\" class=\"attachment-large size-large\" alt=\"\" \/>\t\t\t\t\t\t\n\t\t\t\t\t<\/div>\n\t\t\t\t\t\t\t\t\n<style>\n#image_1016850441 {\n  width: 88%;\n}\n<\/style>\n\t<\/div>\n\t\n\n<div class=\"is-divider divider clearfix\" style=\"margin-top:0.6em;margin-bottom:0.6em;\"><\/div>\n\n<p><span style=\"font-size: 130%; background-color: #282828;\"><strong><u>PROCESO DE ADMISION 2026<\/u><\/strong><\/span><\/p>\n<p><strong><u>INSCRIPCIONES\u00a0 ABIERTAS <\/u><\/strong><\/p>\n<p><strong><u>(Pre k\u00ednder \u2013 K\u00ednder \u2013 1\u00ba B\u00e1sico) <\/u><\/strong><\/p>\n<p><strong><u>\u00a0<\/u><\/strong><\/p>\n<p>Consulte en\u00a0 <a href=\"mailto:admision@colegiodeasis.cl\">admision@colegiodeasis.cl<\/a> \u00a0o \u00a0Fono : (2) 25311268<\/p>\n<p>\u00a0<\/p>\n<div class=\"is-divider divider clearfix\" style=\"margin-top:0.6em;margin-bottom:0.6em;\"><\/div>\n\n<a href=\"https:\/\/colegiodeasis.cl\/2019\/formulario-de-inscripcion-2021\" target=\"_self\" class=\"button white is-outline\"  style=\"border-radius:99px;\">\n    <span>VER M\u00c1S<\/span>\n  <\/a>\n\n\n\n              <\/div>\n           <\/div>\n       <\/div>                     \n<style>\n#text-box-765565326 {\n  width: 85%;\n}\n#text-box-765565326 .text {\n  font-size: 100%;\n}\n@media (min-width:550px) {\n  #text-box-765565326 {\n    width: 40%;\n  }\n}\n<\/style>\n    <\/div>\n \n\n        <\/div>\n      <\/div>\n\n            \n<style>\n#banner-740242203 {\n  padding-top: 100%;\n}\n#banner-740242203 .bg.bg-loaded {\n  background-image: url(https:\/\/colegiodeasis.cl\/2019\/wp-content\/uploads\/2019\/11\/internet-ninos.jpg);\n}\n#banner-740242203 .overlay {\n  background-color: rgba(0, 0, 0, 0.17);\n}\n#banner-740242203 .bg {\n  background-position: 51% 53%;\n}\n<\/style>\n  <\/div>\n\n\n\n  <div class=\"banner has-hover is-full-height has-parallax\" id=\"banner-655365860\">\n          <div class=\"banner-inner fill\">\n        <div class=\"banner-bg fill\" data-parallax=\"-2\" data-parallax-container=\".banner\" data-parallax-background>\n            <div class=\"bg fill bg-fill \"><\/div>\n                        <div class=\"overlay\"><\/div>            \n                    <\/div>\n        <div class=\"banner-layers container\">\n            <div class=\"fill banner-link\"><\/div>            \n\n   <div id=\"text-box-194451001\" class=\"text-box banner-layer x50 md-x50 lg-x50 y25 md-y25 lg-y25 res-text\">\n                     <div data-animate=\"flipInY\">           <div class=\"text dark\">\n              \n              <div class=\"text-inner text-center\">\n                  \n\n<h1 class=\"h-large uppercase\"><span style=\"font-size: 160%;\"><strong>desde 1982<\/strong><\/span><\/h1>\n<h1 class=\"uppercase\"><span style=\"font-size: 100%;\">colegio de as\u00eds<\/span><\/h1>\n<div class=\"is-divider divider clearfix\" ><\/div>\n\n<a href=\"http:\/\/colegiodeasis.cl\/2019\/quienes-somos\/\" target=\"_self\" class=\"button white is-outline\"  style=\"border-radius:99px;\">\n    <span>ver m\u00e1s<\/span>\n  <\/a>\n\n\n\n              <\/div>\n           <\/div>\n       <\/div>                     \n<style>\n#text-box-194451001 {\n  width: 100%;\n}\n#text-box-194451001 .text {\n  font-size: 100%;\n}\n@media (min-width:550px) {\n  #text-box-194451001 {\n    width: 70%;\n  }\n}\n<\/style>\n    <\/div>\n \n\n        <\/div>\n      <\/div>\n\n            \n<style>\n#banner-655365860 {\n  padding-top: 100%;\n}\n#banner-655365860 .bg.bg-loaded {\n  background-image: url(https:\/\/colegiodeasis.cl\/2019\/wp-content\/uploads\/2019\/11\/Templo-votivo-maipu.jpg);\n}\n#banner-655365860 .overlay {\n  background-color: rgba(0, 0, 0, 0.23);\n}\n#banner-655365860 .bg {\n  background-position: 58% 63%;\n}\n<\/style>\n  <\/div>\n\n\n\n  <div class=\"banner has-hover is-full-height has-parallax\" id=\"banner-666366454\">\n          <div class=\"banner-inner fill\">\n        <div class=\"banner-bg fill\" data-parallax=\"-2\" data-parallax-container=\".banner\" data-parallax-background>\n            <div class=\"bg fill bg-fill \"><\/div>\n                        <div class=\"overlay\"><\/div>            \n                    <\/div>\n        <div class=\"banner-layers container\">\n            <div class=\"fill banner-link\"><\/div>            \n\n   <div id=\"text-box-161115295\" class=\"text-box banner-layer x50 md-x5 lg-x5 y25 md-y25 lg-y25 res-text\">\n                     <div data-animate=\"fadeInLeft\">           <div class=\"text dark\">\n              \n              <div class=\"text-inner text-center\">\n                  \n\n<h3 class=\"alt-font\">&nbsp;<\/h3>\n<h1 class=\"uppercase\" data-animate=\"fadeInLeft\" data-animated=\"true\"><span style=\"font-size: 160%;\"><strong>FERIA<\/strong><\/span><\/h1>\n<h1 class=\"uppercase\" data-animate=\"fadeInLeft\" data-animated=\"true\"><span style=\"font-size: 80%;\"><strong>COSTUMBRISTA<\/strong><\/span><\/h1>\n<div class=\"is-divider divider clearfix\" ><\/div>\n\n<a href=\"http:\/\/colegiodeasis.cl\/2019\/2019\/11\/11\/feria-costumbrista-2019\/\" target=\"_self\" class=\"button white is-outline\"  style=\"border-radius:99px;\">\n    <span>VER M\u00c1S<\/span>\n  <\/a>\n\n\n\n              <\/div>\n           <\/div>\n       <\/div>                     \n<style>\n#text-box-161115295 {\n  width: 85%;\n}\n#text-box-161115295 .text {\n  font-size: 100%;\n}\n@media (min-width:550px) {\n  #text-box-161115295 {\n    width: 40%;\n  }\n}\n<\/style>\n    <\/div>\n \n\n        <\/div>\n      <\/div>\n\n            \n<style>\n#banner-666366454 {\n  padding-top: 100%;\n}\n#banner-666366454 .bg.bg-loaded {\n  background-image: url(https:\/\/colegiodeasis.cl\/2019\/wp-content\/uploads\/2019\/11\/cueca-5b-1219x800.jpg);\n}\n#banner-666366454 .overlay {\n  background-color: rgba(0, 0, 0, 0.17);\n}\n#banner-666366454 .bg {\n  background-position: 80% 48%;\n}\n<\/style>\n  <\/div>\n\n\n\n  <div class=\"banner has-hover is-full-height has-parallax\" id=\"banner-251486494\">\n          <div class=\"banner-inner fill\">\n        <div class=\"banner-bg fill\" data-parallax=\"-2\" data-parallax-container=\".banner\" data-parallax-background>\n            <div class=\"bg fill bg-fill \"><\/div>\n                        <div class=\"overlay\"><\/div>            \n                    <\/div>\n        <div class=\"banner-layers container\">\n            <div class=\"fill banner-link\"><\/div>            \n\n   <div id=\"text-box-941496469\" class=\"text-box banner-layer x50 md-x95 lg-x95 y50 md-y25 lg-y25 res-text\">\n                     <div data-animate=\"fadeInUp\">           <div class=\"text dark\">\n              \n              <div class=\"text-inner text-center\">\n                  \n\n<h1 class=\"uppercase\" data-animate=\"fadeInLeft\" data-animated=\"true\"><span style=\"font-size: 120%;\"><b>CONOCE<\/b><\/span><\/h1>\n<h1 class=\"uppercase\" data-animate=\"fadeInLeft\" data-animated=\"true\"><span style=\"font-size: 110%;\"><b>NUESTRAS<\/b><\/span><\/h1>\n<h1 class=\"uppercase\" data-animate=\"fadeInLeft\" data-animated=\"true\"><span style=\"font-size: 75%;\"><b>INSTALACIONES<\/b><\/span><\/h1>\n<a href=\"http:\/\/colegiodeasis.cl\/2019\/instalaciones\/\" target=\"_self\" class=\"button white is-outline\"  style=\"border-radius:99px;\">\n    <span>VER M\u00c1S<\/span>\n  <\/a>\n\n\n\n              <\/div>\n           <\/div>\n       <\/div>                     \n<style>\n#text-box-941496469 {\n  width: 100%;\n}\n#text-box-941496469 .text {\n  font-size: 100%;\n}\n@media (min-width:550px) {\n  #text-box-941496469 {\n    width: 40%;\n  }\n}\n<\/style>\n    <\/div>\n \n\n        <\/div>\n      <\/div>\n\n            \n<style>\n#banner-251486494 {\n  padding-top: 100%;\n}\n#banner-251486494 .bg.bg-loaded {\n  background-image: url(https:\/\/colegiodeasis.cl\/2019\/wp-content\/uploads\/2019\/11\/instalaciones.jpg);\n}\n#banner-251486494 .overlay {\n  background-color: rgba(0, 0, 0, 0.05);\n}\n#banner-251486494 .bg {\n  background-position: 51% 57%;\n}\n<\/style>\n  <\/div>\n\n\n\n     <\/div>\n\n     <div class=\"loading-spin dark large centered\"><\/div>\n\n     <\/div>\n\n\n<div class=\"row row-collapse row-full-width\"  id=\"row-1015030119\">\n\n\n\t<div id=\"col-1313383218\" class=\"col large-12\"  >\n\t\t<div class=\"col-inner\" style=\"background-color:#4c0a0a;\" >\n\t\t\t\n\t\t\t\n\n\n\t\t<\/div>\n\t\t\n<style>\n#col-1313383218 > .col-inner {\n  padding: 5px 0px 0px 0px;\n  margin: -0px 0px 0px 0px;\n}\n<\/style>\n\t<\/div>\n\n\t\n\n\n<style>\n#row-1015030119 > .col > .col-inner {\n  background-color: #4c0a0a;\n}\n<\/style>\n<\/div>\n\t<div id=\"gap-908924500\" class=\"gap-element clearfix\" style=\"display:block; height:auto;\">\n\t\t\n<style>\n#gap-908924500 {\n  padding-top: 30px;\n}\n<\/style>\n\t<\/div>\n\t\n\n<div class=\"row row-small\"  id=\"row-1944923022\">\n\n\n\t<div id=\"col-258489297\" class=\"col medium-8 small-12 large-8\"  >\n\t\t<div class=\"col-inner\"  >\n\t\t\t\n\t\t\t\n\n<p style=\"text-align: justify;\"><span style=\"font-size: 90%;\">Colegio de As\u00eds\u201d, nace en 1982 bajo el modelo de administraci\u00f3n particular subvencionada reconocido por el Ministerio de Educaci\u00f3n como cooperador de la funci\u00f3n educacional. Imparte Educaci\u00f3n Pre- B\u00e1sica y B\u00e1sica comple<em>ta<\/em> mixta para ni\u00f1os y ni\u00f1as de la comuna de Maip\u00fa y sus alrededores.<\/span><\/p>\n\n\t\t<\/div>\n\t\t\t<\/div>\n\n\t\n\n\t<div id=\"col-401537926\" class=\"col medium-4 small-12 large-4\"  >\n\t\t<div class=\"col-inner\"  >\n\t\t\t\n\t\t\t\n\n\t<div class=\"img has-hover x md-x lg-x y md-y lg-y\" id=\"image_607266100\">\n\t\t\t\t\t\t\t\t<div class=\"img-inner dark\" >\n\t\t\t<img loading=\"lazy\" decoding=\"async\" width=\"376\" height=\"65\" src=\"https:\/\/colegiodeasis.cl\/2019\/wp-content\/uploads\/2019\/10\/logo-deasis2.png\" class=\"attachment-large size-large\" alt=\"\" \/>\t\t\t\t\t\t\n\t\t\t\t\t<\/div>\n\t\t\t\t\t\t\t\t\n<style>\n#image_607266100 {\n  width: 100%;\n}\n<\/style>\n\t<\/div>\n\t\n\n\n\t\t<\/div>\n\t\t\t<\/div>\n\n\t\n\n<\/div>\n<div class=\"container section-title-container\" ><h3 class=\"section-title section-title-normal\"><b><\/b><span class=\"section-title-main\" >ACTIVIDADES<\/span><b><\/b><\/h3><\/div>\n\n\n  \n    <div class=\"row large-columns-3 medium-columns- small-columns-1 row-xsmall\">\n  \t\t<div class=\"col post-item\" >\n\t\t\t<div class=\"col-inner\">\n\t\t\t<a href=\"https:\/\/colegiodeasis.cl\/2019\/2019\/10\/11\/feria-de-arte\/\" class=\"plain\">\n\t\t\t\t<div class=\"box box-push box-text-bottom box-blog-post has-hover\">\n            \t\t\t\t\t<div class=\"box-image\" >\n  \t\t\t\t\t\t<div class=\"image-cover\" style=\"padding-top:70%;\">\n  \t\t\t\t\t\t\t<img loading=\"lazy\" decoding=\"async\" width=\"710\" height=\"400\" src=\"https:\/\/colegiodeasis.cl\/2019\/wp-content\/uploads\/2019\/11\/IMG_4835-710x400.jpg\" class=\"attachment-medium size-medium wp-post-image\" alt=\"\" srcset=\"https:\/\/colegiodeasis.cl\/2019\/wp-content\/uploads\/2019\/11\/IMG_4835-710x400.jpg 710w, https:\/\/colegiodeasis.cl\/2019\/wp-content\/uploads\/2019\/11\/IMG_4835-768x432.jpg 768w, https:\/\/colegiodeasis.cl\/2019\/wp-content\/uploads\/2019\/11\/IMG_4835.jpg 1000w\" sizes=\"auto, (max-width: 710px) 100vw, 710px\" \/>  \t\t\t\t\t\t\t  \t\t\t\t\t\t\t  \t\t\t\t\t\t<\/div>\n  \t\t\t\t\t\t  \t\t\t\t\t<\/div>\n          \t\t\t\t\t<div class=\"box-text text-center\" >\n\t\t\t\t\t<div class=\"box-text-inner blog-post-inner\">\n\n\t\t\t\t\t\n\t\t\t\t\t\t\t\t\t\t<h5 class=\"post-title is-large \">FERIA DE ARTE<\/h5>\n\t\t\t\t\t\t\t\t\t\t<div class=\"is-divider\"><\/div>\n\t\t\t\t\t                    \n\t\t\t\t\t\n\t\t\t\t\t\n\t\t\t\t\t<\/div>\n\t\t\t\t\t<\/div>\n\t\t\t\t\t\t\t\t\t<\/div>\n\t\t\t\t<\/a>\n\t\t\t<\/div>\n\t\t<\/div>\n\t\t<div class=\"col post-item\" >\n\t\t\t<div class=\"col-inner\">\n\t\t\t<a href=\"https:\/\/colegiodeasis.cl\/2019\/2019\/09\/11\/feria-costumbrista-2019\/\" class=\"plain\">\n\t\t\t\t<div class=\"box box-push box-text-bottom box-blog-post has-hover\">\n            \t\t\t\t\t<div class=\"box-image\" >\n  \t\t\t\t\t\t<div class=\"image-cover\" style=\"padding-top:70%;\">\n  \t\t\t\t\t\t\t<img loading=\"lazy\" decoding=\"async\" width=\"710\" height=\"400\" src=\"https:\/\/colegiodeasis.cl\/2019\/wp-content\/uploads\/2019\/11\/IMG_4746-710x400.jpg\" class=\"attachment-medium size-medium wp-post-image\" alt=\"\" srcset=\"https:\/\/colegiodeasis.cl\/2019\/wp-content\/uploads\/2019\/11\/IMG_4746-710x400.jpg 710w, https:\/\/colegiodeasis.cl\/2019\/wp-content\/uploads\/2019\/11\/IMG_4746-768x432.jpg 768w, https:\/\/colegiodeasis.cl\/2019\/wp-content\/uploads\/2019\/11\/IMG_4746.jpg 1000w\" sizes=\"auto, (max-width: 710px) 100vw, 710px\" \/>  \t\t\t\t\t\t\t  \t\t\t\t\t\t\t  \t\t\t\t\t\t<\/div>\n  \t\t\t\t\t\t  \t\t\t\t\t<\/div>\n          \t\t\t\t\t<div class=\"box-text text-center\" >\n\t\t\t\t\t<div class=\"box-text-inner blog-post-inner\">\n\n\t\t\t\t\t\n\t\t\t\t\t\t\t\t\t\t<h5 class=\"post-title is-large \">FERIA COSTUMBRISTA<\/h5>\n\t\t\t\t\t\t\t\t\t\t<div class=\"is-divider\"><\/div>\n\t\t\t\t\t                    \n\t\t\t\t\t\n\t\t\t\t\t\n\t\t\t\t\t<\/div>\n\t\t\t\t\t<\/div>\n\t\t\t\t\t\t\t\t\t<\/div>\n\t\t\t\t<\/a>\n\t\t\t<\/div>\n\t\t<\/div>\n\t\t<div class=\"col post-item\" >\n\t\t\t<div class=\"col-inner\">\n\t\t\t<a href=\"https:\/\/colegiodeasis.cl\/2019\/2019\/08\/11\/taller-ajedres\/\" class=\"plain\">\n\t\t\t\t<div class=\"box box-push box-text-bottom box-blog-post has-hover\">\n            \t\t\t\t\t<div class=\"box-image\" >\n  \t\t\t\t\t\t<div class=\"image-cover\" style=\"padding-top:70%;\">\n  \t\t\t\t\t\t\t<img loading=\"lazy\" decoding=\"async\" width=\"300\" height=\"400\" src=\"https:\/\/colegiodeasis.cl\/2019\/wp-content\/uploads\/2019\/11\/ajedrez2-300x400.jpg\" class=\"attachment-medium size-medium wp-post-image\" alt=\"\" srcset=\"https:\/\/colegiodeasis.cl\/2019\/wp-content\/uploads\/2019\/11\/ajedrez2-300x400.jpg 300w, https:\/\/colegiodeasis.cl\/2019\/wp-content\/uploads\/2019\/11\/ajedrez2-768x1024.jpg 768w, https:\/\/colegiodeasis.cl\/2019\/wp-content\/uploads\/2019\/11\/ajedrez2-600x800.jpg 600w, https:\/\/colegiodeasis.cl\/2019\/wp-content\/uploads\/2019\/11\/ajedrez2.jpg 1000w\" sizes=\"auto, (max-width: 300px) 100vw, 300px\" \/>  \t\t\t\t\t\t\t  \t\t\t\t\t\t\t  \t\t\t\t\t\t<\/div>\n  \t\t\t\t\t\t  \t\t\t\t\t<\/div>\n          \t\t\t\t\t<div class=\"box-text text-center\" >\n\t\t\t\t\t<div class=\"box-text-inner blog-post-inner\">\n\n\t\t\t\t\t\n\t\t\t\t\t\t\t\t\t\t<h5 class=\"post-title is-large \">TALLER AJEDREZ<\/h5>\n\t\t\t\t\t\t\t\t\t\t<div class=\"is-divider\"><\/div>\n\t\t\t\t\t                    \n\t\t\t\t\t\n\t\t\t\t\t\n\t\t\t\t\t<\/div>\n\t\t\t\t\t<\/div>\n\t\t\t\t\t\t\t\t\t<\/div>\n\t\t\t\t<\/a>\n\t\t\t<\/div>\n\t\t<\/div>\n<\/div>\n\n<div class=\"slider-wrapper relative\" id=\"slider-349940748\" >\n    <div class=\"slider slider-nav-simple slider-nav-large slider-nav-light slider-style-normal\"\n        data-flickity-options='{\n            \"cellAlign\": \"center\",\n            \"imagesLoaded\": true,\n            \"lazyLoad\": 1,\n            \"freeScroll\": false,\n            \"wrapAround\": true,\n            \"autoPlay\": 6000,\n            \"pauseAutoPlayOnHover\" : false,\n            \"prevNextButtons\": true,\n            \"contain\" : true,\n            \"adaptiveHeight\" : true,\n            \"dragThreshold\" : 10,\n            \"percentPosition\": true,\n            \"pageDots\": true,\n            \"rightToLeft\": false,\n            \"draggable\": true,\n            \"selectedAttraction\": 0.1,\n            \"parallax\" : 0,\n            \"friction\": 0.6        }'\n        >\n        \n\n\n  <div class=\"banner has-hover has-parallax\" id=\"banner-169907369\">\n          <div class=\"banner-inner fill\">\n        <div class=\"banner-bg fill\" data-parallax=\"-1\" data-parallax-container=\".banner\" data-parallax-background>\n            <div class=\"bg fill bg-fill \"><\/div>\n                                    \n                    <\/div>\n        <div class=\"banner-layers container\">\n            <div class=\"fill banner-link\"><\/div>            \n\n   <div id=\"text-box-2886055\" class=\"text-box banner-layer x50 md-x50 lg-x50 y50 md-y50 lg-y50 res-text\">\n                                <div class=\"text dark\">\n              \n              <div class=\"text-inner text-center\">\n                  \n\n<p>\u2026En As\u00eds, se vislumbra&nbsp; la belleza plena, la mayor belleza a que pueden aspirar los sentidos, es la belleza&nbsp; de la cual, toda belleza terrestre no es sino su reflejo.<\/p>\n\n              <\/div>\n           <\/div>\n                            \n<style>\n#text-box-2886055 {\n  width: 78%;\n}\n#text-box-2886055 .text {\n  font-size: 100%;\n}\n<\/style>\n    <\/div>\n \n\n        <\/div>\n      <\/div>\n\n            \n<style>\n#banner-169907369 {\n  padding-top: 300px;\n}\n#banner-169907369 .bg.bg-loaded {\n  background-image: 8011;\n}\n<\/style>\n  <\/div>\n\n\n\n  <div class=\"banner has-hover has-parallax\" id=\"banner-1146725293\">\n          <div class=\"banner-inner fill\">\n        <div class=\"banner-bg fill\" data-parallax=\"-1\" data-parallax-container=\".banner\" data-parallax-background>\n            <div class=\"bg fill bg-fill \"><\/div>\n                                    \n                    <\/div>\n        <div class=\"banner-layers container\">\n            <div class=\"fill banner-link\"><\/div>            \n\n   <div id=\"text-box-705963034\" class=\"text-box banner-layer x50 md-x50 lg-x50 y50 md-y50 lg-y50 res-text\">\n                                <div class=\"text dark\">\n              \n              <div class=\"text-inner text-center\">\n                  \n\n<p>As\u00eds, peque\u00f1a ciudad medieval, donde el tiempo parece detenido. La apacible Umbr\u00eda, cubierta de olivos grises en&nbsp; una tierra que deja la sensaci\u00f3n de hablar menos a los sentidos y mucho m\u00e1s al alma.<\/p>\n\n              <\/div>\n           <\/div>\n                            \n<style>\n#text-box-705963034 {\n  width: 78%;\n}\n#text-box-705963034 .text {\n  font-size: 100%;\n}\n<\/style>\n    <\/div>\n \n\n        <\/div>\n      <\/div>\n\n            \n<style>\n#banner-1146725293 {\n  padding-top: 300px;\n}\n#banner-1146725293 .bg.bg-loaded {\n  background-image: 8011;\n}\n<\/style>\n  <\/div>\n\n\n\n  <div class=\"banner has-hover has-parallax\" id=\"banner-832792393\">\n          <div class=\"banner-inner fill\">\n        <div class=\"banner-bg fill\" data-parallax=\"-1\" data-parallax-container=\".banner\" data-parallax-background>\n            <div class=\"bg fill bg-fill \"><\/div>\n                                    \n                    <\/div>\n        <div class=\"banner-layers container\">\n            <div class=\"fill banner-link\"><\/div>            \n\n   <div id=\"text-box-583962622\" class=\"text-box banner-layer x50 md-x50 lg-x50 y50 md-y50 lg-y50 res-text\">\n                                <div class=\"text dark\">\n              \n              <div class=\"text-inner text-center\">\n                  \n\n<p>El pueblo de As\u00eds lo comprend\u00eda perfectamente: _ San Francisco nos ha dado la bendici\u00f3n de la pobreza- Nunca seremos ricos-.&nbsp; Parece que aquella bendici\u00f3n&nbsp; enteramente espiritual sigue cayendo como roc\u00edo sobre la patria de Francisco, a pesar de la gloria que rodea al m\u00e1s santo de los santos.<\/p>\n\n              <\/div>\n           <\/div>\n                            \n<style>\n#text-box-583962622 {\n  width: 78%;\n}\n#text-box-583962622 .text {\n  font-size: 100%;\n}\n<\/style>\n    <\/div>\n \n\n        <\/div>\n      <\/div>\n\n            \n<style>\n#banner-832792393 {\n  padding-top: 300px;\n}\n#banner-832792393 .bg.bg-loaded {\n  background-image: 8011;\n}\n<\/style>\n  <\/div>\n\n\n\n     <\/div>\n\n     <div class=\"loading-spin dark large centered\"><\/div>\n\n     <\/div>\n\n\n\n","protected":false},"excerpt":{"rendered":"","protected":false},"author":4,"featured_media":0,"parent":0,"menu_order":1,"comment_status":"closed","ping_status":"closed","template":"page-blank.php","meta":{"footnotes":""},"class_list":["post-94","page","type-page","status-publish","hentry"],"_links":{"self":[{"href":"https:\/\/colegiodeasis.cl\/2019\/wp-json\/wp\/v2\/pages\/94","targetHints":{"allow":["GET"]}}],"collection":[{"href":"https:\/\/colegiodeasis.cl\/2019\/wp-json\/wp\/v2\/pages"}],"about":[{"href":"https:\/\/colegiodeasis.cl\/2019\/wp-json\/wp\/v2\/types\/page"}],"author":[{"embeddable":true,"href":"https:\/\/colegiodeasis.cl\/2019\/wp-json\/wp\/v2\/users\/4"}],"replies":[{"embeddable":true,"href":"https:\/\/colegiodeasis.cl\/2019\/wp-json\/wp\/v2\/comments?post=94"}],"version-history":[{"count":61,"href":"https:\/\/colegiodeasis.cl\/2019\/wp-json\/wp\/v2\/pages\/94\/revisions"}],"predecessor-version":[{"id":1775,"href":"https:\/\/colegiodeasis.cl\/2019\/wp-json\/wp\/v2\/pages\/94\/revisions\/1775"}],"wp:attachment":[{"href":"https:\/\/colegiodeasis.cl\/2019\/wp-json\/wp\/v2\/media?parent=94"}],"curies":[{"name":"wp","href":"https:\/\/api.w.org\/{rel}","templated":true}]}}